{"id":355,"date":"2025-06-06T13:42:22","date_gmt":"2025-06-06T12:42:22","guid":{"rendered":"https:\/\/gergelyfabian.com\/aszf\/"},"modified":"2025-12-03T16:23:20","modified_gmt":"2025-12-03T16:23:20","slug":"terms-and-conditions","status":"publish","type":"page","link":"https:\/\/gergelyfabian.com\/hu\/terms-and-conditions\/","title":{"rendered":"\u00c1ltal\u00e1nos Szerz\u0151d\u00e9si Felt\u00e9telek"},"content":{"rendered":"<div data-elementor-type=\"wp-page\" data-elementor-id=\"355\" class=\"elementor elementor-355\" data-elementor-post-type=\"page\">\n\t\t\t\t<div class=\"elementor-element elementor-element-5767a52f e-flex e-con-boxed e-con e-parent\" data-id=\"5767a52f\" data-element_type=\"container\" data-settings=\"{&quot;background_background&quot;:&quot;classic&quot;}\">\n\t\t\t\t\t<div class=\"e-con-inner\">\n\t\t<div class=\"elementor-element elementor-element-12968fb7 e-con-full e-flex e-con e-child\" data-id=\"12968fb7\" data-element_type=\"container\">\n\t\t\t\t<div class=\"elementor-element elementor-element-372faae0 elementor-widget elementor-widget-heading\" data-id=\"372faae0\" data-element_type=\"widget\" data-widget_type=\"heading.default\">\n\t\t\t\t<div class=\"elementor-widget-container\">\n\t\t\t\t\t<h1 class=\"elementor-heading-title elementor-size-default\">\u00c1ltal\u00e1nos Szerz\u0151d\u00e9si Felt\u00e9telek<\/h1>\t\t\t\t<\/div>\n\t\t\t\t<\/div>\n\t\t\t\t<\/div>\n\t\t\t\t\t<\/div>\n\t\t\t\t<\/div>\n\t\t<div class=\"elementor-element elementor-element-50c1e9d1 e-flex e-con-boxed e-con e-parent\" data-id=\"50c1e9d1\" data-element_type=\"container\">\n\t\t\t\t\t<div class=\"e-con-inner\">\n\t\t<div class=\"elementor-element elementor-element-2ad89f1a e-con-full e-flex e-con e-child\" data-id=\"2ad89f1a\" data-element_type=\"container\">\n\t\t\t\t<div class=\"elementor-element elementor-element-6ddd7cb7 elementor-widget elementor-widget-text-editor\" data-id=\"6ddd7cb7\" data-element_type=\"widget\" data-widget_type=\"text-editor.default\">\n\t\t\t\t<div class=\"elementor-widget-container\">\n\t\t\t\t\t\t\t\t\t<p><b>Gergely Fabian Art<\/b><b><br><\/b> <a href=\"https:\/\/gergelyfabian.com\/hu\/\"><span style=\"font-weight: 400;\">www.gergelyfabian.com<\/span><span style=\"font-weight: 400;\"><br><\/span><\/a><span style=\"font-weight: 400;\"> Hat\u00e1lybal\u00e9p\u00e9s d\u00e1tuma: 2025. j\u00falius 1.<\/span><\/p>\n<h5><b>&nbsp;<\/b><\/h5>\n<h5><b>1. Bevezet\u00e9s<\/b><\/h5>\n<p><span style=\"font-weight: 400;\">Jelen \u00c1ltal\u00e1nos Szerz\u0151d\u00e9si Felt\u00e9telek (\u201e\u00c1SZF\u201d) szab\u00e1lyozz\u00e1k weboldalunk haszn\u00e1lat\u00e1t, valamint az eredeti m\u0171alkot\u00e1sok \u00e9s nyomatok v\u00e1s\u00e1rl\u00e1s\u00e1t a Gergely Fabian Art (\u201emi\u201d, \u201eminket\u201d, \u201emi\u00e9nk\u201d) \u00e1ltal \u00fczemeltetett web\u00e1ruh\u00e1zon kereszt\u00fcl. A weboldal el\u00e9r\u00e9s\u00e9vel \u00e9s\/vagy rendel\u00e9s lead\u00e1s\u00e1val \u00d6n elfogadja jelen felt\u00e9teleket.<\/span><\/p>\n<h5><b>&nbsp;<\/b><\/h5>\n<h5><b>2. Kapcsolati adatok<\/b><\/h5>\n<p>V\u00e1llalkoz\u00e1s neve: Gergely Fabian Art<br>UTR sz\u00e1m: 27485 82971<\/p>\n<p>\u00dczemeltet\u0151: Gergely Fabian<\/p>\n<p>C\u00edm: 25 Oxheys Street, Preston, PR1 7PP, United Kingdom<br>Email: <a href=\"mailto:info@gergelyfabian.com\">info@gergelyfabian.com<\/a><\/p>\n<p>Weboldal: <a href=\"https:\/\/gergelyfabian.com\/hu\/\"><span style=\"font-weight: normal;\">www.ger<\/span><span style=\"font-weight: 400;\">gelyfabian.com<\/span><\/a><\/p>\n<h5><b>&nbsp;<\/b><\/h5>\n<h5><b>3. A k\u00edn\u00e1lt term\u00e9kek<\/b><\/h5>\n<p><span style=\"font-weight: 400;\">K\u00edn\u00e1latunkban szerepelnek:<\/span><\/p>\n<ul>\n<li style=\"font-weight: 400;\" aria-level=\"1\"><span style=\"font-weight: 400;\">Eredeti m\u0171alkot\u00e1sok (egyedi, k\u00e9zzel festett darabok)<\/span><\/li>\n<li style=\"font-weight: 400;\" aria-level=\"1\"><span style=\"font-weight: 400;\">Eredeti m\u0171vek reprodukci\u00f3i (v\u00e1szonra nyomtatott nyomatok)<\/span><\/li>\n<\/ul>\n<p><span style=\"font-weight: 400;\">Minden term\u00e9k a k\u00e9szlet erej\u00e9ig \u00e9rhet\u0151 el, \u00e9s a k\u00e9zzel k\u00e9sz\u00edtett alkot\u00e1sok jelleg\u00e9b\u0151l ad\u00f3d\u00f3an kis m\u00e9rt\u00e9kben elt\u00e9rhetnek a weboldalon megjelen\u00edtett k\u00e9pekt\u0151l.<\/span><\/p>\n<p><span style=\"font-weight: 400;\">Valamennyi m\u0171alkot\u00e1s Gergely Fabian szellemi tulajdona, \u00e9s szerz\u0151i jog v\u00e9di.<\/span><\/p>\n<h5><b>&nbsp;<\/b><\/h5>\n<h5><b>4. \u00c1rak \u00e9s fizet\u00e9s<\/b><\/h5>\n<p><span style=\"font-weight: 400;\">Minden \u00e1r<\/span>GBP-ben (angol font) \u00e9rtend\u0151, \u00e9s nem tartalmaz \u00c1FA-t vagy helyi ad\u00f3kat, amelyek a v\u00e1s\u00e1rl\u00f3 orsz\u00e1g\u00e1t\u00f3l f\u00fcgg\u0151en alkalmazhat\u00f3k.<br>A fizet\u00e9s biztons\u00e1gosan t\u00f6rt\u00e9nik Stripe vagy PayPal rendszeren kereszt\u00fcl.<br>Elfogadott fizet\u00e9si m\u00f3dok: Hitel- \u00e9s bankk\u00e1rty\u00e1k,<span style=\"font-weight: 400;\">PayPal. A fizet\u00e9s a v\u00e1s\u00e1rl\u00e1s pillanat\u00e1ban ker\u00fcl levon\u00e1sra. A fizet\u00e9si adatok harmadik f\u00e9l \u00e1ltal ker\u00fclnek feldolgoz\u00e1sra, mi azokat nem t\u00e1roljuk.<\/span><\/p>\n<h5><b>&nbsp;<\/b><\/h5>\n<h5><b>5. Sz\u00e1ll\u00edt\u00e1s<\/b><\/h5>\n<h5><b>Destinations:<\/b><\/h5>\n<p dir=\"ltr\" style=\"line-height: 1.38; margin-top: 0pt; margin-bottom: 0pt;\"><span style=\"font-size: 12pt; font-family: Montserrat,sans-serif; color: #000000; background-color: transparent; font-weight: 400; font-style: normal; font-variant: normal; text-decoration: none; vertical-align: baseline; white-space: pre-wrap;\">El\u00e9rhet\u0151 c\u00e9lorsz\u00e1gok<\/span><\/p>\n<p dir=\"ltr\" style=\"line-height: 1.38; margin-top: 0pt; margin-bottom: 0pt;\"><span style=\"font-size: 12pt; font-family: Montserrat,sans-serif; color: #000000; background-color: transparent; font-weight: 400; font-style: normal; font-variant: normal; text-decoration: none; vertical-align: baseline; white-space: pre-wrap;\">Jelenleg az al\u00e1bbi orsz\u00e1gokba sz\u00e1ll\u00edtunk:<\/span><\/p>\n<p><b style=\"font-weight: normal;\">&nbsp;<\/b><\/p>\n<p dir=\"ltr\" style=\"line-height: 1.38; margin-top: 0pt; margin-bottom: 0pt;\"><span style=\"font-size: 12pt; font-family: Montserrat,sans-serif; color: #000000; background-color: transparent; font-weight: 400; font-style: normal; font-variant: normal; text-decoration: none; vertical-align: baseline; white-space: pre-wrap;\">Ausztr\u00e1lia, Ausztria, Belgium, Bulg\u00e1ria, Kanada, Horv\u00e1torsz\u00e1g, Ciprus, Csehorsz\u00e1g, D\u00e1nia, \u00c9sztorsz\u00e1g, Finnorsz\u00e1g, Franciaorsz\u00e1g, N\u00e9metorsz\u00e1g, G\u00f6r\u00f6gorsz\u00e1g, Hongkong, Magyarorsz\u00e1g, Izland, \u00cdrorsz\u00e1g, Izrael, Olaszorsz\u00e1g, Jap\u00e1n, Lettorsz\u00e1g, Liechtenstein, Litv\u00e1nia, Luxemburg, M\u00e1lta, Monaco, Hollandia, \u00daj-Z\u00e9land, Norv\u00e9gia, Lengyelorsz\u00e1g, Portug\u00e1lia, Rom\u00e1nia, San Marino, Szingap\u00far, Szlov\u00e1kia, Szlov\u00e9nia, D\u00e9l-Korea, Spanyolorsz\u00e1g, Sv\u00e9dorsz\u00e1g, Sv\u00e1jc, Tajvan, Egyes\u00fclt Arab Em\u00edrs\u00e9gek, Egyes\u00fclt Kir\u00e1lys\u00e1g, Egyes\u00fclt \u00c1llamok.<\/span><\/p>\n<p><b style=\"font-weight: normal;\">&nbsp;<\/b><\/p>\n<p dir=\"ltr\" style=\"line-height: 1.38; margin-top: 0pt; margin-bottom: 0pt;\"><span style=\"font-size: 12pt; font-family: Montserrat,sans-serif; color: #000000; background-color: transparent; font-weight: 400; font-style: normal; font-variant: normal; text-decoration: none; vertical-align: baseline; white-space: pre-wrap;\">Ha az \u00d6n orsz\u00e1ga nem szerepel a list\u00e1ban, jelenleg nem tudunk oda sz\u00e1ll\u00edtani.<\/span><\/p>\n<p dir=\"ltr\" style=\"line-height: 1.38; margin-top: 0pt; margin-bottom: 0pt;\"><span style=\"font-size: 12pt; font-family: Montserrat,sans-serif; color: #000000; background-color: transparent; font-weight: 400; font-style: normal; font-variant: normal; text-decoration: none; vertical-align: baseline; white-space: pre-wrap;\">Bizonytalan esetben k\u00e9rj\u00fck, vegye fel vel\u00fcnk a kapcsolatot rendel\u00e9s el\u0151tt.<\/span><\/p>\n<div><span style=\"font-size: 12pt; font-family: Montserrat,sans-serif; color: #000000; background-color: transparent; font-weight: 400; font-style: normal; font-variant: normal; text-decoration: none; vertical-align: baseline; white-space: pre-wrap;\">&nbsp;<\/span><\/div>\n<h5><b>V\u00e1rhat\u00f3 sz\u00e1ll\u00edt\u00e1si id\u0151k:<\/b><\/h5>\n<ul>\n<li aria-level=\"1\">Egyes\u00fclt Kir\u00e1lys\u00e1g: 7\u201310 munkanap<\/li>\n<li aria-level=\"1\">Nemzetk\u00f6zi sz\u00e1ll\u00edt\u00e1s: 10\u201315 munkanap<\/li>\n<\/ul>\n<p>A nyomatok jellemz\u0151en Royal Mail-lel vagy standard postai szolg\u00e1ltat\u00f3val ker\u00fclnek felad\u00e1sra.<br>Az eredeti m\u0171vek nyomon k\u00f6vethet\u0151 fut\u00e1rszolg\u00e1lattal ker\u00fclnek kisz\u00e1ll\u00edt\u00e1sra.<br>A k\u00f6vet\u00e9si sz\u00e1mot, ha el\u00e9rhet\u0151, biztos\u00edtjuk.<\/p>\n<p>Figyelem:<span style=\"font-weight: 400;\">a sz\u00e1ll\u00edt\u00e1si id\u0151k orsz\u00e1gonk\u00e9nt \u00e9s k\u00fcls\u0151 k\u00f6r\u00fclm\u00e9nyek miatt v\u00e1ltozhatnak (l\u00e1sd Vis Maior).<\/span><\/p>\n<h5><b>&nbsp;<\/b><\/h5>\n<h5><b>6. V\u00e1mkezel\u00e9s, illet\u00e9kek \u00e9s ad\u00f3k<\/b><\/h5>\n<p><span style=\"font-size: 12pt; color: #000000; background-color: transparent; font-variant-numeric: normal; font-variant-east-asian: normal; font-variant-alternates: normal; font-variant-position: normal; font-variant-emoji: normal; vertical-align: baseline; white-space-collapse: preserve;\">A nemzetk\u00f6zi rendel\u00e9sek eset\u00e9n az adott orsz\u00e1g v\u00e1mterhei, ad\u00f3i vagy egy\u00e9b import d\u00edjai a v\u00e1s\u00e1rl\u00f3t terhelik. Ezek nincsenek benne a term\u00e9k \u00e1r\u00e1ban vagy a sz\u00e1ll\u00edt\u00e1si d\u00edjban. A v\u00e1s\u00e1rl\u00f3k felel\u0151ss\u00e9ge az aktu\u00e1lis, helyi v\u00e1m- \u00e9s importszab\u00e1lyok el\u0151zetes ellen\u0151rz\u00e9se.<\/span><\/p>\n<h5><b>&nbsp;<\/b><\/h5>\n<h5><b>7. El\u00e1ll\u00e1s \u00e9s lemond\u00e1s<\/b><\/h5>\n<h5><b>El\u00e1ll\u00e1si jog<\/b><\/h5>\n<p><span style=\"font-weight: 400;\">\u00d6nt 14 napos el\u00e1ll\u00e1si jog illeti meg<\/span> a term\u00e9k k\u00e9zhezv\u00e9tel\u00e9t\u0151l <span style=\"font-weight: 400;\">sz\u00e1m\u00edtva, indokl\u00e1s n\u00e9lk\u00fcl,<\/span><span style=\"font-weight: 400;\"><br><\/span><span style=\"font-weight: 400;\"> az Egyes\u00fclt Kir\u00e1lys\u00e1g \u00e9s az EU t\u00e1v\u00e9rt\u00e9kes\u00edt\u00e9si szab\u00e1lyainak megfelel\u0151en.<\/span><\/p>\n<h5><b>Visszak\u00fcld\u00e9s felt\u00e9telei<\/b><\/h5>\n<ul>\n<li style=\"font-weight: 400;\" aria-level=\"1\"><span style=\"font-weight: 400;\">A visszak\u00fcld\u00f6tt term\u00e9k nem lehet haszn\u00e1lt, s\u00e9r\u00fclt vagy m\u00f3dos\u00edtott.<\/span><\/li>\n<li aria-level=\"1\">A visszak\u00fcld\u00e9s k\u00f6lts\u00e9ge <span style=\"font-weight: 400;\">a v\u00e1s\u00e1rl\u00f3t terheli.<\/span><\/li>\n<li style=\"font-weight: 400;\" aria-level=\"1\"><span style=\"font-weight: 400;\">A visszat\u00e9r\u00edt\u00e9s a term\u00e9k be\u00e9rkez\u00e9se \u00e9s ellen\u0151rz\u00e9se ut\u00e1n ker\u00fcl feldolgoz\u00e1sra.<\/span><\/li>\n<\/ul>\n<h5><b>Kiv\u00e9telek<\/b><\/h5>\n<p>Egyedi megrendel\u00e9sre k\u00e9sz\u00fclt (custom) m\u0171alkot\u00e1sok, egyedileg gy\u00e1rtott v\u00e1szonnyomatok<span style=\"font-weight: 400;\">ess faulty or damaged.<\/span><\/p>\n<h5><b>&nbsp;<\/b><\/h5>\n<h5><b>8. Szellemi tulajdon<\/b><\/h5>\n<p><span style=\"font-weight: 400;\">A weboldalon tal\u00e1lhat\u00f3 minden tartalom \u2013 \u00edgy k\u00fcl\u00f6n\u00f6sen a m\u0171alkot\u00e1sok, k\u00e9pek, sz\u00f6vegek \u2013 <\/span>Gergely Fabian szellemi tulajdona,<span style=\"font-weight: 400;\">kiv\u00e9ve ha m\u00e1sk\u00e9nt jelezz\u00fck.<\/span><span style=\"font-weight: 400;\"><br><\/span><span style=\"font-weight: 400;\"> A tartalmak m\u00e1sol\u00e1sa, terjeszt\u00e9se vagy kereskedelmi c\u00e9l\u00fa felhaszn\u00e1l\u00e1sa el\u0151zetes \u00edr\u00e1sbeli enged\u00e9ly n\u00e9lk\u00fcl tilos.<\/span><span style=\"font-weight: 400;\"><br><\/span><span style=\"font-weight: 400;\"> Licencel\u00e9si vagy sajt\u00f3megkeres\u00e9sekkel kapcsolatban k\u00e9rj\u00fck, l\u00e9pjen vel\u00fcnk kapcsolatba.<\/span><\/p>\n<h5><b>&nbsp;<\/b><\/h5>\n<h5><b>9. Felel\u0151ss\u00e9gkorl\u00e1toz\u00e1s<\/b><\/h5>\n<p><span style=\"font-weight: 400;\">Nem v\u00e1llalunk felel\u0151ss\u00e9get az al\u00e1bbiak\u00e9rt:<\/span><\/p>\n<ul>\n<li style=\"font-weight: 400;\" aria-level=\"1\"><span style=\"font-weight: 400;\">Postai vagy fut\u00e1rszolg\u00e1lat okozta k\u00e9sedelem<\/span><\/li>\n<li style=\"font-weight: 400;\" aria-level=\"1\"><span style=\"font-weight: 400;\">Sz\u00e1ll\u00edt\u00e1s k\u00f6zbeni s\u00e9r\u00fcl\u00e9s vagy elveszt\u00e9s (kiv\u00e9ve, ha biztos\u00edtott \u00e9s nyomon k\u00f6vethet\u0151 k\u00fcldem\u00e9ny)<\/span><\/li>\n<li style=\"font-weight: 400;\" aria-level=\"1\"><span style=\"font-weight: 400;\">A weboldal \u00e1tmeneti el\u00e9rhetetlens\u00e9ge vagy hib\u00e1i<\/span><\/li>\n<li style=\"font-weight: 400;\" aria-level=\"1\"><span style=\"font-weight: 400;\">Harmadik f\u00e9l szolg\u00e1ltat\u00f3inak hib\u00e1i (pl. fizet\u00e9si rendszerek, nyomdai laborok)<\/span><\/li>\n<\/ul>\n<p><span style=\"font-weight: 400;\">Maxim\u00e1lis felel\u0151ss\u00e9g\u00fcnk nem haladhatja meg a v\u00e1s\u00e1rolt term\u00e9k v\u00e9tel\u00e1r\u00e1t.<\/span><\/p>\n<h5><b>&nbsp;<\/b><\/h5>\n<h5><b>10. El\u00e9rhet\u0151s\u00e9g<\/b><\/h5>\n<p><span style=\"font-weight: 400;\">Fenntartjuk a jogot term\u00e9kek m\u00f3dos\u00edt\u00e1s\u00e1ra vagy megsz\u00fcntet\u00e9s\u00e9re el\u0151zetes \u00e9rtes\u00edt\u00e9s n\u00e9lk\u00fcl.<\/span><span style=\"font-weight: 400;\"><br><\/span><span style=\"font-weight: 400;\"> A term\u00e9k csak a fizet\u00e9s sikeres be\u00e9rkez\u00e9s\u00e9vel v\u00e1lik garant\u00e1ltan el\u00e9rhet\u0151v\u00e9.<\/span><\/p>\n<h5><b>&nbsp;<\/b><\/h5>\n<h5><b>11. Harmadik f\u00e9l szolg\u00e1ltat\u00e1sai<\/b><\/h5>\n<p><span style=\"font-weight: 400;\">Fizet\u00e9si tranzakci\u00f3khoz Stripe-ot \u00e9s PayPal-t, valamint k\u00fcls\u0151 gy\u00e1rt\u00f3 partnereket (print lab-eket) haszn\u00e1lunk.<\/span><span style=\"font-weight: 400;\"><br><\/span><span style=\"font-weight: 400;\"> Ezek szolg\u00e1ltat\u00e1sainak hib\u00e1i\u00e9rt vagy \u00fczemsz\u00fcnete\u00e9rt nem v\u00e1llalunk felel\u0151ss\u00e9get.<\/span><\/p>\n<h5><b>&nbsp;<\/b><\/h5>\n<h5><b>12. Vis Maior (Force Majeure)<\/b><\/h5>\n<p><span style=\"font-weight: 400;\">Nem v\u00e1llalunk felel\u0151ss\u00e9get olyan k\u00e9sedelmek\u00e9rt vagy teljes\u00edt\u00e9si hib\u00e1k\u00e9rt, amelyek t\u0151l\u00fcnk f\u00fcggetlen, el\u0151re nem l\u00e1that\u00f3 okokb\u00f3l erednek, p\u00e9ld\u00e1ul:<\/span><\/p>\n<ul>\n<li style=\"font-weight: 400;\" aria-level=\"1\"><span style=\"font-weight: 400;\">Term\u00e9szeti katasztr\u00f3f\u00e1k<\/span><\/li>\n<li style=\"font-weight: 400;\" aria-level=\"1\"><span style=\"font-weight: 400;\">J\u00e1rv\u00e1nyok<\/span><\/li>\n<li style=\"font-weight: 400;\" aria-level=\"1\"><span style=\"font-weight: 400;\">H\u00e1bor\u00fa vagy terrorcselekm\u00e9ny<\/span><\/li>\n<li style=\"font-weight: 400;\" aria-level=\"1\"><span style=\"font-weight: 400;\">Ell\u00e1t\u00e1si l\u00e1nc zavarok<\/span><\/li>\n<li style=\"font-weight: 400;\" aria-level=\"1\"><span style=\"font-weight: 400;\">Sztr\u00e1jkok vagy sz\u00e1ll\u00edt\u00e1si fennakad\u00e1sok<\/span><\/li>\n<\/ul>\n<h5><b>&nbsp;<\/b><\/h5>\n<h5><b>13. Teljes meg\u00e1llapod\u00e1s<\/b><\/h5>\n<p><span style=\"font-weight: 400;\">Jelen \u00c1SZF<\/span> k\u00e9pezi a teljes meg\u00e1llapod\u00e1st<span style=\"font-weight: 400;\">\u00d6n \u00e9s a Gergely Fabian Art k\u00f6z\u00f6tt.<\/span><span style=\"font-weight: 400;\"><br><\/span><span style=\"font-weight: 400;\"> Ha a felt\u00e9telek valamely r\u00e9sze \u00e9rv\u00e9nytelen vagy v\u00e9grehajthatatlan, az nem \u00e9rinti a t\u00f6bbi rendelkez\u00e9s \u00e9rv\u00e9nyess\u00e9g\u00e9t.<\/span><\/p>\n<h5><b>&nbsp;<\/b><\/h5>\n<h5><b>14. Ir\u00e1nyad\u00f3 jog<\/b><\/h5>\n<p><span style=\"font-weight: 400;\">A jelen felt\u00e9telekre<\/span>az angliai \u00e9s walesi jog az ir\u00e1nyad\u00f3.<br>Az esetleges jogvit\u00e1k kiz\u00e1r\u00f3lagos illet\u00e9kess\u00e9ge az angliai b\u00edr\u00f3s\u00e1gokat illeti meg.<\/p>\n<p><i><span style=\"font-weight: 400;\">K\u00e9rd\u00e9s eset\u00e9n k\u00e9rj\u00fck, vegye fel vel\u00fcnk a kapcsolatot a v\u00e1s\u00e1rl\u00e1s el\u0151tt.<\/span><\/i><\/p>\n<p><i><span style=\"font-weight: 400;\">&nbsp;<\/span><\/i><\/p>\t\t\t\t\t\t\t\t<\/div>\n\t\t\t\t<\/div>\n\t\t\t\t<\/div>\n\t\t\t\t\t<\/div>\n\t\t\t\t<\/div>\n\t\t\t\t<\/div>","protected":false},"excerpt":{"rendered":"<p>Terms and Conditions Gergely Fabian Art www.gergelyfabian.com Effective Date: 1st July 2025 &nbsp; 1. Introduction These Terms and Conditions govern the use of our website and the purchase of original artworks and prints from Gergely Fabian Art (&#8220;we&#8221;, &#8220;us&#8221;, &#8220;our&#8221;). By accessing this website and\/or placing an order, you agree to be bound by these [&hellip;]<\/p>","protected":false},"author":1,"featured_media":0,"parent":0,"menu_order":0,"comment_status":"closed","ping_status":"closed","template":"","meta":{"footnotes":""},"class_list":["post-355","page","type-page","status-publish","hentry"],"yoast_head":"<!-- This site is optimized with the Yoast SEO plugin v26.0 - https:\/\/yoast.com\/wordpress\/plugins\/seo\/ -->\n<title>Terms and Conditions - Gergely Fabian Art<\/title>\n<meta name=\"robots\" content=\"index, follow, max-snippet:-1, max-image-preview:large, max-video-preview:-1\" \/>\n<link rel=\"canonical\" href=\"https:\/\/gergelyfabian.com\/hu\/terms-and-conditions\/\" \/>\n<meta property=\"og:locale\" content=\"hu_HU\" \/>\n<meta property=\"og:type\" content=\"article\" \/>\n<meta property=\"og:title\" content=\"Terms and Conditions - Gergely Fabian Art\" \/>\n<meta property=\"og:description\" content=\"Terms and Conditions Gergely Fabian Art www.gergelyfabian.com Effective Date: 1st July 2025 &nbsp; 1. Introduction These Terms and Conditions govern the use of our website and the purchase of original artworks and prints from Gergely Fabian Art (&#8220;we&#8221;, &#8220;us&#8221;, &#8220;our&#8221;). By accessing this website and\/or placing an order, you agree to be bound by these [&hellip;]\" \/>\n<meta property=\"og:url\" content=\"https:\/\/gergelyfabian.com\/hu\/terms-and-conditions\/\" \/>\n<meta property=\"og:site_name\" content=\"Gergely Fabian Art\" \/>\n<meta property=\"article:publisher\" content=\"https:\/\/www.facebook.com\/gergely.fabian.79\" \/>\n<meta property=\"article:modified_time\" content=\"2025-12-03T16:23:20+00:00\" \/>\n<meta name=\"twitter:card\" content=\"summary_large_image\" \/>\n<meta name=\"twitter:label1\" content=\"Becs\u00fclt olvas\u00e1si id\u0151\" \/>\n\t<meta name=\"twitter:data1\" content=\"5 perc\" \/>\n<script type=\"application\/ld+json\" class=\"yoast-schema-graph\">{\"@context\":\"https:\/\/schema.org\",\"@graph\":[{\"@type\":\"WebPage\",\"@id\":\"https:\/\/gergelyfabian.com\/terms-and-conditions\/\",\"url\":\"https:\/\/gergelyfabian.com\/terms-and-conditions\/\",\"name\":\"Terms and Conditions - Gergely Fabian Art\",\"isPartOf\":{\"@id\":\"https:\/\/gergelyfabian.com\/#website\"},\"datePublished\":\"2025-06-06T12:42:22+00:00\",\"dateModified\":\"2025-12-03T16:23:20+00:00\",\"breadcrumb\":{\"@id\":\"https:\/\/gergelyfabian.com\/terms-and-conditions\/#breadcrumb\"},\"inLanguage\":\"hu\",\"potentialAction\":[{\"@type\":\"ReadAction\",\"target\":[\"https:\/\/gergelyfabian.com\/terms-and-conditions\/\"]}]},{\"@type\":\"BreadcrumbList\",\"@id\":\"https:\/\/gergelyfabian.com\/terms-and-conditions\/#breadcrumb\",\"itemListElement\":[{\"@type\":\"ListItem\",\"position\":1,\"name\":\"Kezd\u0151lap\",\"item\":\"https:\/\/gergelyfabian.com\/\"},{\"@type\":\"ListItem\",\"position\":2,\"name\":\"Terms and Conditions\"}]},{\"@type\":\"WebSite\",\"@id\":\"https:\/\/gergelyfabian.com\/#website\",\"url\":\"https:\/\/gergelyfabian.com\/\",\"name\":\"Gergely Fabian Art\",\"description\":\"Own exclusive original paintings and limited fine art prints by UK-based artist Gergely Fabian. Collect unique artworks shipped worldwide\",\"publisher\":{\"@id\":\"https:\/\/gergelyfabian.com\/#\/schema\/person\/b3f23cbbed6a50d7ebd858c027460bd9\"},\"potentialAction\":[{\"@type\":\"SearchAction\",\"target\":{\"@type\":\"EntryPoint\",\"urlTemplate\":\"https:\/\/gergelyfabian.com\/?s={search_term_string}\"},\"query-input\":{\"@type\":\"PropertyValueSpecification\",\"valueRequired\":true,\"valueName\":\"search_term_string\"}}],\"inLanguage\":\"hu\"},{\"@type\":[\"Person\",\"Organization\"],\"@id\":\"https:\/\/gergelyfabian.com\/#\/schema\/person\/b3f23cbbed6a50d7ebd858c027460bd9\",\"name\":\"Gergely F\u00e1bi\u00e1n\",\"image\":{\"@type\":\"ImageObject\",\"inLanguage\":\"hu\",\"@id\":\"https:\/\/gergelyfabian.com\/#\/schema\/person\/image\/\",\"url\":\"https:\/\/gergelyfabian.com\/wp-content\/uploads\/2025\/06\/gergely_fabian_logo_black-1.png\",\"contentUrl\":\"https:\/\/gergelyfabian.com\/wp-content\/uploads\/2025\/06\/gergely_fabian_logo_black-1.png\",\"width\":399,\"height\":62,\"caption\":\"Gergely F\u00e1bi\u00e1n\"},\"logo\":{\"@id\":\"https:\/\/gergelyfabian.com\/#\/schema\/person\/image\/\"},\"description\":\"My paintings are born from this state \u2013 not from purpose, but from presence. And if, through them, you feel even a moment of that inner stillness, then what needed to happen has already happened.\",\"sameAs\":[\"https:\/\/gergelyfabian.com\",\"https:\/\/www.facebook.com\/gergely.fabian.79\"]}]}<\/script>\n<!-- \/ Yoast SEO plugin. -->","yoast_head_json":{"title":"Terms and Conditions - Gergely Fabian Art","robots":{"index":"index","follow":"follow","max-snippet":"max-snippet:-1","max-image-preview":"max-image-preview:large","max-video-preview":"max-video-preview:-1"},"canonical":"https:\/\/gergelyfabian.com\/hu\/terms-and-conditions\/","og_locale":"hu_HU","og_type":"article","og_title":"Terms and Conditions - Gergely Fabian Art","og_description":"Terms and Conditions Gergely Fabian Art www.gergelyfabian.com Effective Date: 1st July 2025 &nbsp; 1. Introduction These Terms and Conditions govern the use of our website and the purchase of original artworks and prints from Gergely Fabian Art (&#8220;we&#8221;, &#8220;us&#8221;, &#8220;our&#8221;). By accessing this website and\/or placing an order, you agree to be bound by these [&hellip;]","og_url":"https:\/\/gergelyfabian.com\/hu\/terms-and-conditions\/","og_site_name":"Gergely Fabian Art","article_publisher":"https:\/\/www.facebook.com\/gergely.fabian.79","article_modified_time":"2025-12-03T16:23:20+00:00","twitter_card":"summary_large_image","twitter_misc":{"Becs\u00fclt olvas\u00e1si id\u0151":"5 perc"},"schema":{"@context":"https:\/\/schema.org","@graph":[{"@type":"WebPage","@id":"https:\/\/gergelyfabian.com\/terms-and-conditions\/","url":"https:\/\/gergelyfabian.com\/terms-and-conditions\/","name":"Terms and Conditions - Gergely Fabian Art","isPartOf":{"@id":"https:\/\/gergelyfabian.com\/#website"},"datePublished":"2025-06-06T12:42:22+00:00","dateModified":"2025-12-03T16:23:20+00:00","breadcrumb":{"@id":"https:\/\/gergelyfabian.com\/terms-and-conditions\/#breadcrumb"},"inLanguage":"hu","potentialAction":[{"@type":"ReadAction","target":["https:\/\/gergelyfabian.com\/terms-and-conditions\/"]}]},{"@type":"BreadcrumbList","@id":"https:\/\/gergelyfabian.com\/terms-and-conditions\/#breadcrumb","itemListElement":[{"@type":"ListItem","position":1,"name":"Kezd\u0151lap","item":"https:\/\/gergelyfabian.com\/"},{"@type":"ListItem","position":2,"name":"Terms and Conditions"}]},{"@type":"WebSite","@id":"https:\/\/gergelyfabian.com\/#website","url":"https:\/\/gergelyfabian.com\/","name":"Gergely Fabian Art","description":"Own exclusive original paintings and limited fine art prints by UK-based artist Gergely Fabian. Collect unique artworks shipped worldwide","publisher":{"@id":"https:\/\/gergelyfabian.com\/#\/schema\/person\/b3f23cbbed6a50d7ebd858c027460bd9"},"potentialAction":[{"@type":"SearchAction","target":{"@type":"EntryPoint","urlTemplate":"https:\/\/gergelyfabian.com\/?s={search_term_string}"},"query-input":{"@type":"PropertyValueSpecification","valueRequired":true,"valueName":"search_term_string"}}],"inLanguage":"hu"},{"@type":["Person","Organization"],"@id":"https:\/\/gergelyfabian.com\/#\/schema\/person\/b3f23cbbed6a50d7ebd858c027460bd9","name":"Gergely F\u00e1bi\u00e1n","image":{"@type":"ImageObject","inLanguage":"hu","@id":"https:\/\/gergelyfabian.com\/#\/schema\/person\/image\/","url":"https:\/\/gergelyfabian.com\/wp-content\/uploads\/2025\/06\/gergely_fabian_logo_black-1.png","contentUrl":"https:\/\/gergelyfabian.com\/wp-content\/uploads\/2025\/06\/gergely_fabian_logo_black-1.png","width":399,"height":62,"caption":"Gergely F\u00e1bi\u00e1n"},"logo":{"@id":"https:\/\/gergelyfabian.com\/#\/schema\/person\/image\/"},"description":"A k\u00e9peim ilyen \u00e1llapotb\u00f3l sz\u00fcletnek \u2013 nem c\u00e9lb\u00f3l, hanem jelenl\u00e9tb\u0151l. \u00c9s ha n\u00e9z\u00e9s\u00fck k\u00f6zben te is meg\u00e9rzed ezt a k\u00f6nnyeds\u00e9get, akkor m\u00e1r megt\u00f6rt\u00e9nt, aminek t\u00f6rt\u00e9nnie kellett.","sameAs":["https:\/\/gergelyfabian.com","https:\/\/www.facebook.com\/gergely.fabian.79"]}]}},"jetpack_sharing_enabled":true,"_links":{"self":[{"href":"https:\/\/gergelyfabian.com\/hu\/wp-json\/wp\/v2\/pages\/355","targetHints":{"allow":["GET"]}}],"collection":[{"href":"https:\/\/gergelyfabian.com\/hu\/wp-json\/wp\/v2\/pages"}],"about":[{"href":"https:\/\/gergelyfabian.com\/hu\/wp-json\/wp\/v2\/types\/page"}],"author":[{"embeddable":true,"href":"https:\/\/gergelyfabian.com\/hu\/wp-json\/wp\/v2\/users\/1"}],"replies":[{"embeddable":true,"href":"https:\/\/gergelyfabian.com\/hu\/wp-json\/wp\/v2\/comments?post=355"}],"version-history":[{"count":17,"href":"https:\/\/gergelyfabian.com\/hu\/wp-json\/wp\/v2\/pages\/355\/revisions"}],"predecessor-version":[{"id":1281,"href":"https:\/\/gergelyfabian.com\/hu\/wp-json\/wp\/v2\/pages\/355\/revisions\/1281"}],"wp:attachment":[{"href":"https:\/\/gergelyfabian.com\/hu\/wp-json\/wp\/v2\/media?parent=355"}],"curies":[{"name":"wp","href":"https:\/\/api.w.org\/{rel}","templated":true}]}}