{"id":391,"date":"2025-06-06T13:42:23","date_gmt":"2025-06-06T12:42:23","guid":{"rendered":"https:\/\/gergelyfabian.com\/adatkezelesi-tajekoztato\/"},"modified":"2025-12-03T13:27:26","modified_gmt":"2025-12-03T13:27:26","slug":"privacy-policy","status":"publish","type":"page","link":"https:\/\/gergelyfabian.com\/hu\/privacy-policy\/","title":{"rendered":"Adatv\u00e9delmi Szab\u00e1lyzat"},"content":{"rendered":"<div data-elementor-type=\"wp-page\" data-elementor-id=\"391\" class=\"elementor elementor-391\" data-elementor-post-type=\"page\">\n\t\t\t\t<div class=\"elementor-element elementor-element-6efaeeb9 e-flex e-con-boxed e-con e-parent\" data-id=\"6efaeeb9\" data-element_type=\"container\" data-settings=\"{&quot;background_background&quot;:&quot;classic&quot;}\">\n\t\t\t\t\t<div class=\"e-con-inner\">\n\t\t\t\t<div class=\"elementor-element elementor-element-63686929 elementor-widget elementor-widget-heading\" data-id=\"63686929\" data-element_type=\"widget\" data-widget_type=\"heading.default\">\n\t\t\t\t<div class=\"elementor-widget-container\">\n\t\t\t\t\t<h1 class=\"elementor-heading-title elementor-size-default\">Adatv\u00e9delmi Szab\u00e1lyzat<\/h1>\t\t\t\t<\/div>\n\t\t\t\t<\/div>\n\t\t\t\t\t<\/div>\n\t\t\t\t<\/div>\n\t\t<div class=\"elementor-element elementor-element-106f944c e-flex e-con-boxed e-con e-parent\" data-id=\"106f944c\" data-element_type=\"container\">\n\t\t\t\t\t<div class=\"e-con-inner\">\n\t\t\t\t<div class=\"elementor-element elementor-element-43193454 elementor-widget elementor-widget-text-editor\" data-id=\"43193454\" data-element_type=\"widget\" data-widget_type=\"text-editor.default\">\n\t\t\t\t<div class=\"elementor-widget-container\">\n\t\t\t\t\t\t\t\t\t<p><span style=\"font-weight: 400;\">Ez az Adatv\u00e9delmi T\u00e1j\u00e9koztat\u00f3 le\u00edrja, hogy Gergely Fabian (\u201emi\u201d, \u201eminket\u201d, \u201ea mi\u201d) hogyan gy\u0171jti, haszn\u00e1lja \u00e9s v\u00e9di szem\u00e9lyes adataidat, amikor megl\u00e1togatod vagy v\u00e1s\u00e1rl\u00e1st v\u00e9gzel a weboldalunkon: <\/span><a href=\"https:\/\/gergelyfabian.com\/hu\/\"><span style=\"font-weight: 400;\">https:\/\/www.gergelyfabian.com<\/span><\/a><span style=\"font-weight: 400;\">.<\/span><\/p>\n<p><b style=\"background-color: transparent; font-size: 18px; color: #451e5d;\">&nbsp;<\/b><\/p>\n<p><span style=\"background-color: transparent; font-size: 18px; color: #451e5d;\"><b>1. Kik vagyunk<\/b><\/span><\/p>\n<p><span style=\"font-weight: 400;\">V\u00e1llalkoz\u00e1s neve: Gergely Fabian Art<\/span><\/p>\n<p><span style=\"font-weight: 400;\">Tulajdonos: Gergely Fabian<\/span><\/p>\n<p><span style=\"font-weight: 400;\">C\u00edm: 25 Oxheys Street, Preston, PR1 7PP, Egyes\u00fclt Kir\u00e1lys\u00e1g<\/span><\/p>\n<p><span style=\"font-weight: 400;\">Kapcsolat: <\/span><a href=\"mailto:info@gergelyfabian.com\"><span style=\"font-weight: 400;\">info@gergelyfabian.com<\/span><\/a><\/p>\n<h5><span style=\"background-color: transparent;\">&nbsp;<\/span><\/h5>\n<h5><span style=\"background-color: transparent;\">2.&nbsp;<\/span><span style=\"background-color: transparent;\">Milyen adatokat gy\u0171jt\u00fcnk<\/span><\/h5>\n<p><span style=\"font-weight: 400;\">Csak azokat a szem\u00e9lyes adatokat gy\u0171jtj\u00fck, amelyek sz\u00fcks\u00e9gesek a rendel\u00e9sed teljes\u00edt\u00e9s\u00e9hez. Ezek tartalmazhatj\u00e1k:<\/span><\/p>\n<p><span style=\"font-weight: 400;\">Teljes n\u00e9v<\/span><\/p>\n<p><span style=\"font-weight: 400;\">E-mail c\u00edm<\/span><\/p>\n<p><span style=\"font-weight: 400;\">Sz\u00e1ml\u00e1z\u00e1si \u00e9s sz\u00e1ll\u00edt\u00e1si c\u00edm<\/span><\/p>\n<p><span style=\"font-weight: 400;\">Rendel\u00e9si adatok<\/span><\/p>\n<p><span style=\"font-weight: 400;\">Fizet\u00e9si inform\u00e1ci\u00f3k (biztons\u00e1gosan a Stripe \u00e9s PayPal dolgozza fel \u2013 nem t\u00e1rolunk k\u00e1rtyaadatokat vagy fizet\u00e9si adatokat)<\/span><\/p>\n<p><span style=\"font-weight: 400;\">Nem gy\u0171jt\u00fcnk \u00e9rz\u00e9keny szem\u00e9lyes adatokat, \u00e9s nem haszn\u00e1ljuk az adataidat automatiz\u00e1lt d\u00f6nt\u00e9shozatalra vagy profilalkot\u00e1sra.<\/span><\/p>\n<h5><span style=\"background-color: transparent;\">&nbsp;<\/span><\/h5>\n<h5><span style=\"background-color: transparent;\">3.&nbsp;<\/span><span style=\"background-color: transparent;\">Hogyan gy\u0171jtj\u00fck az adataidat<\/span><\/h5>\n<p><span style=\"font-weight: 400;\">Az adatokat akkor gy\u0171jtj\u00fck, amikor:<\/span><\/p>\n<p><span style=\"font-weight: 400;\">Rendel\u00e9st adsz le a weboldalunkon<\/span><\/p>\n<p><span style=\"font-weight: 400;\">K\u00f6zvetlen\u00fcl kapcsolatba l\u00e9psz vel\u00fcnk e-mailben vagy kapcsolatfelv\u00e9teli \u0171rlapon kereszt\u00fcl<\/span><\/p>\n<h5><span style=\"background-color: transparent;\">&nbsp;<\/span><\/h5>\n<h5><span style=\"background-color: transparent;\">4.&nbsp;<\/span><span style=\"background-color: transparent;\">Adatkezel\u00e9s jogalapjai<\/span><\/h5>\n<p><span style=\"font-weight: 400;\">A brit GDPR alapj\u00e1n az al\u00e1bbi jogalapokra t\u00e1maszkodunk:<\/span><\/p>\n<p><span style=\"font-weight: 400;\">Szerz\u0151d\u00e9s teljes\u00edt\u00e9se \u2013 a rendel\u00e9s feldolgoz\u00e1s\u00e1hoz \u00e9s kisz\u00e1ll\u00edt\u00e1s\u00e1hoz<\/span><\/p>\n<p><span style=\"font-weight: 400;\">Jogi k\u00f6telezetts\u00e9g \u2013 ad\u00f3z\u00e1si \u00e9s k\u00f6nyvel\u00e9si nyilv\u00e1ntart\u00e1sok vezet\u00e9s\u00e9hez<\/span><\/p>\n<p><span style=\"font-weight: 400;\">Jogos \u00e9rdek \u2013 v\u00e1llalkoz\u00e1sunk v\u00e9delm\u00e9hez \u00e9s csal\u00e1sok megel\u0151z\u00e9s\u00e9hez<\/span><\/p>\n<h5><span style=\"background-color: transparent;\">&nbsp;<\/span><\/h5>\n<h5><span style=\"background-color: transparent;\">5.&nbsp;<\/span><span style=\"background-color: transparent;\">Hogyan haszn\u00e1ljuk az adataidat<\/span><\/h5>\n<p><span style=\"font-weight: 400;\">Szem\u00e9lyes adataidat a k\u00f6vetkez\u0151 c\u00e9lokra haszn\u00e1ljuk:<\/span><\/p>\n<p><span style=\"font-weight: 400;\">A rendel\u00e9s feldolgoz\u00e1sa \u00e9s teljes\u00edt\u00e9se<\/span><\/p>\n<p><span style=\"font-weight: 400;\">Rendel\u00e9s-visszaigazol\u00e1sok \u00e9s friss\u00edt\u00e9sek k\u00fcld\u00e9se<\/span><\/p>\n<p><span style=\"font-weight: 400;\">Ad\u00f3z\u00e1si \u00e9s \u00fczleti nyilv\u00e1ntart\u00e1sok karbantart\u00e1sa<\/span><\/p>\n<p><span style=\"font-weight: 400;\">K\u00e9rd\u00e9seid megv\u00e1laszol\u00e1sa<\/span><\/p>\n<p><span style=\"font-weight: 400;\">Nem haszn\u00e1ljuk adataidat k\u00e9retlen marketinghez.<\/span><\/p>\n<h5><span style=\"background-color: transparent;\">&nbsp;<\/span><\/h5>\n<h5><span style=\"background-color: transparent;\">6.&nbsp;<\/span><span style=\"background-color: transparent;\">Adataid megoszt\u00e1sa<\/span><\/h5>\n<p><span style=\"font-weight: 400;\">Adataidat csak akkor osztjuk meg megb\u00edzhat\u00f3 harmadik felekkel, amikor ez sz\u00fcks\u00e9ges:<\/span><\/p>\n<p><span style=\"font-weight: 400;\">Stripe \u00e9s PayPal \u2013 a fizet\u00e9sek biztons\u00e1gos feldolgoz\u00e1s\u00e1hoz<\/span><\/p>\n<p><span style=\"font-weight: 400;\">Sz\u00e1ll\u00edtm\u00e1nyoz\u00f3 c\u00e9gek \u2013 a rendel\u00e9s k\u00e9zbes\u00edt\u00e9s\u00e9hez<\/span><\/p>\n<p><span style=\"font-weight: 400;\">K\u00f6nyvel\u00e9si szolg\u00e1ltat\u00f3k \u2013 p\u00e9nz\u00fcgyi nyilv\u00e1ntart\u00e1sok vezet\u00e9s\u00e9hez<\/span><\/p>\n<p><span style=\"font-weight: 400;\">Ezek a szolg\u00e1ltat\u00f3k szerz\u0151d\u00e9s alapj\u00e1n \u00e9s a brit GDPR el\u0151\u00edr\u00e1sai szerint kezelik az adatokat.<\/span><\/p>\n<p><span style=\"font-weight: 400;\">Bizonyos szolg\u00e1ltat\u00f3k az Egyes\u00fclt Kir\u00e1lys\u00e1gon k\u00edv\u00fcl (pl. az USA-ban) is kezelhetik az adatokat. Ilyen esetekben megfelel\u0151 garanci\u00e1kat alkalmazunk, p\u00e9ld\u00e1ul standard szerz\u0151d\u00e9si felt\u00e9teleket.<\/span><\/p>\n<h5><span style=\"background-color: transparent;\">&nbsp;<\/span><\/h5>\n<h5><span style=\"background-color: transparent;\">7.&nbsp;<\/span><span style=\"background-color: transparent;\">Adatmeg\u0151rz\u00e9s<\/span><\/h5>\n<p><span style=\"font-weight: 400;\">Adataidat:<\/span><\/p>\n<p><span style=\"font-weight: 400;\">Legfeljebb 6 \u00e9vig \u0151rizz\u00fck meg ad\u00f3z\u00e1si \u00e9s jogi c\u00e9lokb\u00f3l<\/span><\/p>\n<p><span style=\"font-weight: 400;\">Addig, am\u00edg sz\u00fcks\u00e9ges a rendel\u00e9s kezel\u00e9se \u00e9s az esetleges k\u00e9rd\u00e9sek megv\u00e1laszol\u00e1sa \u00e9rdek\u00e9ben<\/span><\/p>\n<p><span style=\"font-weight: 400;\">Ezt k\u00f6vet\u0151en az adatok biztons\u00e1gosan t\u00f6rl\u00e9sre ker\u00fclnek.<\/span><\/p>\n<h5><span style=\"background-color: transparent;\">&nbsp;<\/span><\/h5>\n<h5><span style=\"background-color: transparent;\">8.&nbsp;<\/span><span style=\"background-color: transparent;\">A Te jogaid<\/span><\/h5>\n<p><span style=\"font-weight: 400;\">Jogod van:<\/span><\/p>\n<p><span style=\"font-weight: 400;\">Hozz\u00e1f\u00e9rni az \u00e1ltalunk t\u00e1rolt szem\u00e9lyes adatokhoz<\/span><\/p>\n<p><span style=\"font-weight: 400;\">Pontatlan adatok helyesb\u00edt\u00e9s\u00e9t k\u00e9rni<\/span><\/p>\n<p><span style=\"font-weight: 400;\">Adataid t\u00f6rl\u00e9s\u00e9t k\u00e9rni<\/span><\/p>\n<p><span style=\"font-weight: 400;\">Tiltakozni az adatkezel\u00e9s ellen<\/span><\/p>\n<p><span style=\"font-weight: 400;\">K\u00e9rni az adatkezel\u00e9s korl\u00e1toz\u00e1s\u00e1t<\/span><\/p>\n<p><span style=\"font-weight: 400;\">Panaszt beny\u00fajtani az Egyes\u00fclt Kir\u00e1lys\u00e1g fel\u00fcgyeleti hat\u00f3s\u00e1g\u00e1n\u00e1l<\/span><\/p>\n<p><span style=\"font-weight: 400;\">Jogaid gyakorl\u00e1s\u00e1hoz \u00edrj nek\u00fcnk: <\/span><a href=\"mailto:info@gergelyfabian.com\"><span style=\"font-weight: 400;\">info@gergelyfabian.com<\/span><\/a><\/p>\n<h5><span style=\"background-color: transparent;\">&nbsp;<\/span><\/h5>\n<h5><span style=\"background-color: transparent;\">9.&nbsp;<\/span><span style=\"background-color: transparent;\">Cookie-k<\/span><\/h5>\n<p><span style=\"font-weight: 400;\">Weboldalunk cookie-kat haszn\u00e1lhat alapvet\u0151 funkci\u00f3khoz, teljes\u00edtm\u00e9nyfigyel\u00e9shez vagy a felhaszn\u00e1l\u00f3i \u00e9lm\u00e9ny jav\u00edt\u00e1s\u00e1hoz<\/span>&nbsp;<\/p>\n<h5><b style=\"background-color: transparent;\">&nbsp;<\/b><\/h5>\n<h5><span style=\"background-color: transparent;\">10. Adatbiztons\u00e1g<\/span><\/h5>\n<p><span style=\"font-weight: 400;\">\u00c9sszer\u0171 technikai \u00e9s szervez\u00e9si int\u00e9zked\u00e9seket alkalmazunk az adatok v\u00e9delme \u00e9rdek\u00e9ben, t\u00f6bbek k\u00f6z\u00f6tt:<\/span><\/p>\n<p><span style=\"font-weight: 400;\">SSL titkos\u00edt\u00e1s<\/span><\/p>\n<p><span style=\"font-weight: 400;\">Biztons\u00e1gos fizet\u00e9sfeldolgoz\u00e1s Stripe \u00e9s PayPal \u00e1ltal<\/span><\/p>\n<p><span style=\"font-weight: 400;\">Korl\u00e1tozott hozz\u00e1f\u00e9r\u00e9s az adatokhoz<\/span><\/p>\n<h5><span style=\"background-color: transparent;\">&nbsp;<\/span><\/h5>\n<h5><span style=\"background-color: transparent;\">11.&nbsp;<\/span><span style=\"background-color: transparent;\">Panasz \u00e9s fel\u00fcgyeleti hat\u00f3s\u00e1g<\/span><\/h5>\n<p><span style=\"font-weight: 400;\">Ha agg\u00f3dsz amiatt, hogyan kezelj\u00fck az adataidat, felveheted vel\u00fcnk a kapcsolatot, vagy panaszt tehetsz:<\/span><\/p>\n<p><span style=\"font-weight: 400;\">ICO \u2013 Information Commissioner\u2019s Office<\/span><\/p>\n<p><span style=\"font-weight: 400;\">Weboldal: <\/span><a href=\"https:\/\/ico.org.uk\"><span style=\"font-weight: 400;\">https:\/\/ico.org.uk<\/span><\/a><\/p>\n<p><span style=\"font-weight: 400;\">Telefon: 0303 123 1113<\/span><\/p>\t\t\t\t\t\t\t\t<\/div>\n\t\t\t\t<\/div>\n\t\t\t\t\t<\/div>\n\t\t\t\t<\/div>\n\t\t\t\t<\/div>","protected":false},"excerpt":{"rendered":"<p>Privacy Policy This Privacy Policy describes how Gergely Fabian (&#8220;we&#8221;, &#8220;our&#8221;, or &#8220;us&#8221;) collects, uses, and protects your personal information when you visit or make a purchase from our website: https:\/\/www.gergelyfabian.com. &nbsp; 1. Who We Are Business name: Gergely Fabian Art Owner: Gergely Fabian Address: 25 Oxheys Street, Preston, PR1 7PP, UK Contact: info@gergelyfabian.com &nbsp; [&hellip;]<\/p>","protected":false},"author":1,"featured_media":0,"parent":0,"menu_order":0,"comment_status":"closed","ping_status":"closed","template":"","meta":{"footnotes":""},"class_list":["post-391","page","type-page","status-publish","hentry"],"yoast_head":"<!-- This site is optimized with the Yoast SEO plugin v26.0 - https:\/\/yoast.com\/wordpress\/plugins\/seo\/ -->\n<title>Privacy Policy - Gergely Fabian Art<\/title>\n<meta name=\"robots\" content=\"index, follow, max-snippet:-1, max-image-preview:large, max-video-preview:-1\" \/>\n<link rel=\"canonical\" href=\"https:\/\/gergelyfabian.com\/hu\/privacy-policy\/\" \/>\n<meta property=\"og:locale\" content=\"hu_HU\" \/>\n<meta property=\"og:type\" content=\"article\" \/>\n<meta property=\"og:title\" content=\"Privacy Policy - Gergely Fabian Art\" \/>\n<meta property=\"og:description\" content=\"Privacy Policy This Privacy Policy describes how Gergely Fabian (&#8220;we&#8221;, &#8220;our&#8221;, or &#8220;us&#8221;) collects, uses, and protects your personal information when you visit or make a purchase from our website: https:\/\/www.gergelyfabian.com. &nbsp; 1. Who We Are Business name: Gergely Fabian Art Owner: Gergely Fabian Address: 25 Oxheys Street, Preston, PR1 7PP, UK Contact: info@gergelyfabian.com &nbsp; [&hellip;]\" \/>\n<meta property=\"og:url\" content=\"https:\/\/gergelyfabian.com\/hu\/privacy-policy\/\" \/>\n<meta property=\"og:site_name\" content=\"Gergely Fabian Art\" \/>\n<meta property=\"article:publisher\" content=\"https:\/\/www.facebook.com\/gergely.fabian.79\" \/>\n<meta property=\"article:modified_time\" content=\"2025-12-03T13:27:26+00:00\" \/>\n<meta name=\"twitter:card\" content=\"summary_large_image\" \/>\n<meta name=\"twitter:label1\" content=\"Becs\u00fclt olvas\u00e1si id\u0151\" \/>\n\t<meta name=\"twitter:data1\" content=\"3 perc\" \/>\n<script type=\"application\/ld+json\" class=\"yoast-schema-graph\">{\"@context\":\"https:\/\/schema.org\",\"@graph\":[{\"@type\":\"WebPage\",\"@id\":\"https:\/\/gergelyfabian.com\/privacy-policy\/\",\"url\":\"https:\/\/gergelyfabian.com\/privacy-policy\/\",\"name\":\"Privacy Policy - Gergely Fabian Art\",\"isPartOf\":{\"@id\":\"https:\/\/gergelyfabian.com\/#website\"},\"datePublished\":\"2025-06-06T12:42:23+00:00\",\"dateModified\":\"2025-12-03T13:27:26+00:00\",\"breadcrumb\":{\"@id\":\"https:\/\/gergelyfabian.com\/privacy-policy\/#breadcrumb\"},\"inLanguage\":\"hu\",\"potentialAction\":[{\"@type\":\"ReadAction\",\"target\":[\"https:\/\/gergelyfabian.com\/privacy-policy\/\"]}]},{\"@type\":\"BreadcrumbList\",\"@id\":\"https:\/\/gergelyfabian.com\/privacy-policy\/#breadcrumb\",\"itemListElement\":[{\"@type\":\"ListItem\",\"position\":1,\"name\":\"Kezd\u0151lap\",\"item\":\"https:\/\/gergelyfabian.com\/\"},{\"@type\":\"ListItem\",\"position\":2,\"name\":\"Privacy Policy\"}]},{\"@type\":\"WebSite\",\"@id\":\"https:\/\/gergelyfabian.com\/#website\",\"url\":\"https:\/\/gergelyfabian.com\/\",\"name\":\"Gergely Fabian Art\",\"description\":\"Own exclusive original paintings and limited fine art prints by UK-based artist Gergely Fabian. Collect unique artworks shipped worldwide\",\"publisher\":{\"@id\":\"https:\/\/gergelyfabian.com\/#\/schema\/person\/b3f23cbbed6a50d7ebd858c027460bd9\"},\"potentialAction\":[{\"@type\":\"SearchAction\",\"target\":{\"@type\":\"EntryPoint\",\"urlTemplate\":\"https:\/\/gergelyfabian.com\/?s={search_term_string}\"},\"query-input\":{\"@type\":\"PropertyValueSpecification\",\"valueRequired\":true,\"valueName\":\"search_term_string\"}}],\"inLanguage\":\"hu\"},{\"@type\":[\"Person\",\"Organization\"],\"@id\":\"https:\/\/gergelyfabian.com\/#\/schema\/person\/b3f23cbbed6a50d7ebd858c027460bd9\",\"name\":\"Gergely F\u00e1bi\u00e1n\",\"image\":{\"@type\":\"ImageObject\",\"inLanguage\":\"hu\",\"@id\":\"https:\/\/gergelyfabian.com\/#\/schema\/person\/image\/\",\"url\":\"https:\/\/gergelyfabian.com\/wp-content\/uploads\/2025\/06\/gergely_fabian_logo_black-1.png\",\"contentUrl\":\"https:\/\/gergelyfabian.com\/wp-content\/uploads\/2025\/06\/gergely_fabian_logo_black-1.png\",\"width\":399,\"height\":62,\"caption\":\"Gergely F\u00e1bi\u00e1n\"},\"logo\":{\"@id\":\"https:\/\/gergelyfabian.com\/#\/schema\/person\/image\/\"},\"description\":\"My paintings are born from this state \u2013 not from purpose, but from presence. And if, through them, you feel even a moment of that inner stillness, then what needed to happen has already happened.\",\"sameAs\":[\"https:\/\/gergelyfabian.com\",\"https:\/\/www.facebook.com\/gergely.fabian.79\"]}]}<\/script>\n<!-- \/ Yoast SEO plugin. -->","yoast_head_json":{"title":"Privacy Policy - Gergely Fabian Art","robots":{"index":"index","follow":"follow","max-snippet":"max-snippet:-1","max-image-preview":"max-image-preview:large","max-video-preview":"max-video-preview:-1"},"canonical":"https:\/\/gergelyfabian.com\/hu\/privacy-policy\/","og_locale":"hu_HU","og_type":"article","og_title":"Privacy Policy - Gergely Fabian Art","og_description":"Privacy Policy This Privacy Policy describes how Gergely Fabian (&#8220;we&#8221;, &#8220;our&#8221;, or &#8220;us&#8221;) collects, uses, and protects your personal information when you visit or make a purchase from our website: https:\/\/www.gergelyfabian.com. &nbsp; 1. Who We Are Business name: Gergely Fabian Art Owner: Gergely Fabian Address: 25 Oxheys Street, Preston, PR1 7PP, UK Contact: info@gergelyfabian.com &nbsp; [&hellip;]","og_url":"https:\/\/gergelyfabian.com\/hu\/privacy-policy\/","og_site_name":"Gergely Fabian Art","article_publisher":"https:\/\/www.facebook.com\/gergely.fabian.79","article_modified_time":"2025-12-03T13:27:26+00:00","twitter_card":"summary_large_image","twitter_misc":{"Becs\u00fclt olvas\u00e1si id\u0151":"3 perc"},"schema":{"@context":"https:\/\/schema.org","@graph":[{"@type":"WebPage","@id":"https:\/\/gergelyfabian.com\/privacy-policy\/","url":"https:\/\/gergelyfabian.com\/privacy-policy\/","name":"Privacy Policy - Gergely Fabian Art","isPartOf":{"@id":"https:\/\/gergelyfabian.com\/#website"},"datePublished":"2025-06-06T12:42:23+00:00","dateModified":"2025-12-03T13:27:26+00:00","breadcrumb":{"@id":"https:\/\/gergelyfabian.com\/privacy-policy\/#breadcrumb"},"inLanguage":"hu","potentialAction":[{"@type":"ReadAction","target":["https:\/\/gergelyfabian.com\/privacy-policy\/"]}]},{"@type":"BreadcrumbList","@id":"https:\/\/gergelyfabian.com\/privacy-policy\/#breadcrumb","itemListElement":[{"@type":"ListItem","position":1,"name":"Kezd\u0151lap","item":"https:\/\/gergelyfabian.com\/"},{"@type":"ListItem","position":2,"name":"Privacy Policy"}]},{"@type":"WebSite","@id":"https:\/\/gergelyfabian.com\/#website","url":"https:\/\/gergelyfabian.com\/","name":"Gergely Fabian Art","description":"Own exclusive original paintings and limited fine art prints by UK-based artist Gergely Fabian. Collect unique artworks shipped worldwide","publisher":{"@id":"https:\/\/gergelyfabian.com\/#\/schema\/person\/b3f23cbbed6a50d7ebd858c027460bd9"},"potentialAction":[{"@type":"SearchAction","target":{"@type":"EntryPoint","urlTemplate":"https:\/\/gergelyfabian.com\/?s={search_term_string}"},"query-input":{"@type":"PropertyValueSpecification","valueRequired":true,"valueName":"search_term_string"}}],"inLanguage":"hu"},{"@type":["Person","Organization"],"@id":"https:\/\/gergelyfabian.com\/#\/schema\/person\/b3f23cbbed6a50d7ebd858c027460bd9","name":"Gergely F\u00e1bi\u00e1n","image":{"@type":"ImageObject","inLanguage":"hu","@id":"https:\/\/gergelyfabian.com\/#\/schema\/person\/image\/","url":"https:\/\/gergelyfabian.com\/wp-content\/uploads\/2025\/06\/gergely_fabian_logo_black-1.png","contentUrl":"https:\/\/gergelyfabian.com\/wp-content\/uploads\/2025\/06\/gergely_fabian_logo_black-1.png","width":399,"height":62,"caption":"Gergely F\u00e1bi\u00e1n"},"logo":{"@id":"https:\/\/gergelyfabian.com\/#\/schema\/person\/image\/"},"description":"A k\u00e9peim ilyen \u00e1llapotb\u00f3l sz\u00fcletnek \u2013 nem c\u00e9lb\u00f3l, hanem jelenl\u00e9tb\u0151l. \u00c9s ha n\u00e9z\u00e9s\u00fck k\u00f6zben te is meg\u00e9rzed ezt a k\u00f6nnyeds\u00e9get, akkor m\u00e1r megt\u00f6rt\u00e9nt, aminek t\u00f6rt\u00e9nnie kellett.","sameAs":["https:\/\/gergelyfabian.com","https:\/\/www.facebook.com\/gergely.fabian.79"]}]}},"jetpack_sharing_enabled":true,"_links":{"self":[{"href":"https:\/\/gergelyfabian.com\/hu\/wp-json\/wp\/v2\/pages\/391","targetHints":{"allow":["GET"]}}],"collection":[{"href":"https:\/\/gergelyfabian.com\/hu\/wp-json\/wp\/v2\/pages"}],"about":[{"href":"https:\/\/gergelyfabian.com\/hu\/wp-json\/wp\/v2\/types\/page"}],"author":[{"embeddable":true,"href":"https:\/\/gergelyfabian.com\/hu\/wp-json\/wp\/v2\/users\/1"}],"replies":[{"embeddable":true,"href":"https:\/\/gergelyfabian.com\/hu\/wp-json\/wp\/v2\/comments?post=391"}],"version-history":[{"count":30,"href":"https:\/\/gergelyfabian.com\/hu\/wp-json\/wp\/v2\/pages\/391\/revisions"}],"predecessor-version":[{"id":1274,"href":"https:\/\/gergelyfabian.com\/hu\/wp-json\/wp\/v2\/pages\/391\/revisions\/1274"}],"wp:attachment":[{"href":"https:\/\/gergelyfabian.com\/hu\/wp-json\/wp\/v2\/media?parent=391"}],"curies":[{"name":"wp","href":"https:\/\/api.w.org\/{rel}","templated":true}]}}