{"id":1014,"date":"2025-09-17T09:15:03","date_gmt":"2025-09-17T08:15:03","guid":{"rendered":"https:\/\/gergelyfabian.com\/?post_type=product&#038;p=1014"},"modified":"2026-01-18T17:07:57","modified_gmt":"2026-01-18T17:07:57","slug":"path-to-light","status":"publish","type":"product","link":"https:\/\/gergelyfabian.com\/hu\/termek\/path-to-light\/","title":{"rendered":"\u00dat a f\u00e9nyhez"},"content":{"rendered":"<p><strong>\u00dat a f\u00e9nyhez<\/strong><\/p>\n<p><em><span style=\"font-weight: 400;\">Ez a festm\u00e9ny azokat a kontrasztokat t\u00fckr\u00f6zi, amelyekkel utunk sor\u00e1n tal\u00e1lkozunk \u2013 f\u00e9nyt \u00e9s s\u00f6t\u00e9ts\u00e9get, tisztas\u00e1got \u00e9s z\u0171rzavart. Arra eml\u00e9keztet, hogy az \u00e9let nem arr\u00f3l sz\u00f3l, hogy minden \u00e9lm\u00e9nyt kijav\u00edtsunk vagy c\u00edmk\u00e9zz\u00fcnk, hanem hogy egy\u00fctt \u00e1ramoljunk vele. Amikor elengedj\u00fck az ir\u00e1ny\u00edt\u00e1s k\u00e9nyszer\u00e9t, egy tiszt\u00e1bb, k\u00f6nnyedebb \u00e1llapotba \u00e9rkez\u00fcnk, ahol megl\u00e1thatjuk, mi az, ami val\u00f3ban sz\u00e1m\u00edt.<\/span><\/em><\/p>\n<p>Eredeti akril festm\u00e9ny v\u00e1sznon<\/p>\n<p>M\u00e9ret: 61 \u00d7 51 x 4cm<\/p>\n<p>\u00c9v: 2025<\/p>\n<p>Technika: Akril<\/p>\n<p>Hordoz\u00f3: Fesz\u00edtett pamutv\u00e1szon<\/p>\n<p>Lakkoz\u00e1s: Magasf\u00e9ny\u0171 v\u00e9d\u0151lakk<\/p>\n<p>Oldalak: Festettek, keret n\u00e9lk\u00fcl is falra tehet\u0151<\/p>\n<p>Felf\u00fcggeszt\u00e9sre k\u00e9sz: Igen<\/p>\n<p>Al\u00e1\u00edr\u00e1s: H\u00e1toldalon szign\u00f3zva<\/p>","protected":false},"excerpt":{"rendered":"<p><em><span style=\"font-weight: 400;\">Az \u00e9let \u00fatj\u00e1n f\u00e9ny \u00e9s \u00e1rny\u00e9k v\u00e1ltakozik. Ha engedj\u00fck az \u00e1raml\u00e1st, megl\u00e1thatjuk, mi igaz\u00e1n fontos, \u00e9s el\u00e9rj\u00fck a bels\u0151 nyugalmat.<\/span><\/em><\/p>","protected":false},"featured_media":1011,"template":"","meta":[],"product_brand":[],"product_cat":[32],"product_tag":[],"class_list":{"0":"post-1014","1":"product","2":"type-product","3":"status-publish","4":"has-post-thumbnail","6":"product_cat-artworks","7":"product_shipping_class-art-work-sent-by-parcel-service","9":"first","10":"instock","11":"shipping-taxable","12":"purchasable","13":"product-type-simple"},"yoast_head":"<!-- This site is optimized with the Yoast SEO plugin v26.0 - https:\/\/yoast.com\/wordpress\/plugins\/seo\/ -->\n<title>Path to Light - Gergely Fabian Art<\/title>\n<meta name=\"robots\" content=\"index, follow, max-snippet:-1, max-image-preview:large, max-video-preview:-1\" \/>\n<link rel=\"canonical\" href=\"https:\/\/gergelyfabian.com\/hu\/termek\/path-to-light\/\" \/>\n<meta property=\"og:locale\" content=\"hu_HU\" \/>\n<meta property=\"og:type\" content=\"article\" \/>\n<meta property=\"og:title\" content=\"Path to Light - Gergely Fabian Art\" \/>\n<meta property=\"og:description\" content=\"Life has light and dark moments. If we go with the flow, we see what really matters and find inner calm.\" \/>\n<meta property=\"og:url\" content=\"https:\/\/gergelyfabian.com\/hu\/termek\/path-to-light\/\" \/>\n<meta property=\"og:site_name\" content=\"Gergely Fabian Art\" \/>\n<meta property=\"article:publisher\" content=\"https:\/\/www.facebook.com\/gergely.fabian.79\" \/>\n<meta property=\"article:modified_time\" content=\"2026-01-18T17:07:57+00:00\" \/>\n<meta property=\"og:image\" content=\"https:\/\/gergelyfabian.com\/wp-content\/uploads\/2025\/09\/IMG_9111-scaled.jpg\" \/>\n\t<meta property=\"og:image:width\" content=\"2560\" \/>\n\t<meta property=\"og:image:height\" content=\"2133\" \/>\n\t<meta property=\"og:image:type\" content=\"image\/jpeg\" \/>\n<meta name=\"twitter:card\" content=\"summary_large_image\" \/>\n<meta name=\"twitter:label1\" content=\"Becs\u00fclt olvas\u00e1si id\u0151\" \/>\n\t<meta name=\"twitter:data1\" content=\"1 perc\" \/>\n<script type=\"application\/ld+json\" class=\"yoast-schema-graph\">{\"@context\":\"https:\/\/schema.org\",\"@graph\":[{\"@type\":\"WebPage\",\"@id\":\"https:\/\/gergelyfabian.com\/termek\/path-to-light\/\",\"url\":\"https:\/\/gergelyfabian.com\/termek\/path-to-light\/\",\"name\":\"Path to Light - Gergely Fabian Art\",\"isPartOf\":{\"@id\":\"https:\/\/gergelyfabian.com\/#website\"},\"primaryImageOfPage\":{\"@id\":\"https:\/\/gergelyfabian.com\/termek\/path-to-light\/#primaryimage\"},\"image\":{\"@id\":\"https:\/\/gergelyfabian.com\/termek\/path-to-light\/#primaryimage\"},\"thumbnailUrl\":\"https:\/\/gergelyfabian.com\/wp-content\/uploads\/2025\/09\/IMG_9111-scaled.jpg\",\"datePublished\":\"2025-09-17T08:15:03+00:00\",\"dateModified\":\"2026-01-18T17:07:57+00:00\",\"breadcrumb\":{\"@id\":\"https:\/\/gergelyfabian.com\/termek\/path-to-light\/#breadcrumb\"},\"inLanguage\":\"hu\",\"potentialAction\":[{\"@type\":\"ReadAction\",\"target\":[\"https:\/\/gergelyfabian.com\/termek\/path-to-light\/\"]}]},{\"@type\":\"ImageObject\",\"inLanguage\":\"hu\",\"@id\":\"https:\/\/gergelyfabian.com\/termek\/path-to-light\/#primaryimage\",\"url\":\"https:\/\/gergelyfabian.com\/wp-content\/uploads\/2025\/09\/IMG_9111-scaled.jpg\",\"contentUrl\":\"https:\/\/gergelyfabian.com\/wp-content\/uploads\/2025\/09\/IMG_9111-scaled.jpg\",\"width\":2560,\"height\":2133,\"caption\":\"Path to Light\"},{\"@type\":\"BreadcrumbList\",\"@id\":\"https:\/\/gergelyfabian.com\/termek\/path-to-light\/#breadcrumb\",\"itemListElement\":[{\"@type\":\"ListItem\",\"position\":1,\"name\":\"Kezd\u0151lap\",\"item\":\"https:\/\/gergelyfabian.com\/\"},{\"@type\":\"ListItem\",\"position\":2,\"name\":\"Term\u00e9kek\",\"item\":\"https:\/\/gergelyfabian.com\/shop\/\"},{\"@type\":\"ListItem\",\"position\":3,\"name\":\"Path to Light\"}]},{\"@type\":\"WebSite\",\"@id\":\"https:\/\/gergelyfabian.com\/#website\",\"url\":\"https:\/\/gergelyfabian.com\/\",\"name\":\"Gergely Fabian Art\",\"description\":\"Own exclusive original paintings and limited fine art prints by UK-based artist Gergely Fabian. Collect unique artworks shipped worldwide\",\"publisher\":{\"@id\":\"https:\/\/gergelyfabian.com\/#\/schema\/person\/b3f23cbbed6a50d7ebd858c027460bd9\"},\"potentialAction\":[{\"@type\":\"SearchAction\",\"target\":{\"@type\":\"EntryPoint\",\"urlTemplate\":\"https:\/\/gergelyfabian.com\/?s={search_term_string}\"},\"query-input\":{\"@type\":\"PropertyValueSpecification\",\"valueRequired\":true,\"valueName\":\"search_term_string\"}}],\"inLanguage\":\"hu\"},{\"@type\":[\"Person\",\"Organization\"],\"@id\":\"https:\/\/gergelyfabian.com\/#\/schema\/person\/b3f23cbbed6a50d7ebd858c027460bd9\",\"name\":\"Gergely F\u00e1bi\u00e1n\",\"image\":{\"@type\":\"ImageObject\",\"inLanguage\":\"hu\",\"@id\":\"https:\/\/gergelyfabian.com\/#\/schema\/person\/image\/\",\"url\":\"https:\/\/gergelyfabian.com\/wp-content\/uploads\/2025\/06\/gergely_fabian_logo_black-1.png\",\"contentUrl\":\"https:\/\/gergelyfabian.com\/wp-content\/uploads\/2025\/06\/gergely_fabian_logo_black-1.png\",\"width\":399,\"height\":62,\"caption\":\"Gergely F\u00e1bi\u00e1n\"},\"logo\":{\"@id\":\"https:\/\/gergelyfabian.com\/#\/schema\/person\/image\/\"},\"description\":\"My paintings are born from this state \u2013 not from purpose, but from presence. And if, through them, you feel even a moment of that inner stillness, then what needed to happen has already happened.\",\"sameAs\":[\"https:\/\/gergelyfabian.com\",\"https:\/\/www.facebook.com\/gergely.fabian.79\"]}]}<\/script>\n<!-- \/ Yoast SEO plugin. -->","yoast_head_json":{"title":"Path to Light - Gergely Fabian Art","robots":{"index":"index","follow":"follow","max-snippet":"max-snippet:-1","max-image-preview":"max-image-preview:large","max-video-preview":"max-video-preview:-1"},"canonical":"https:\/\/gergelyfabian.com\/hu\/termek\/path-to-light\/","og_locale":"hu_HU","og_type":"article","og_title":"Path to Light - Gergely Fabian Art","og_description":"Life has light and dark moments. If we go with the flow, we see what really matters and find inner calm.","og_url":"https:\/\/gergelyfabian.com\/hu\/termek\/path-to-light\/","og_site_name":"Gergely Fabian Art","article_publisher":"https:\/\/www.facebook.com\/gergely.fabian.79","article_modified_time":"2026-01-18T17:07:57+00:00","og_image":[{"width":2560,"height":2133,"url":"https:\/\/gergelyfabian.com\/wp-content\/uploads\/2025\/09\/IMG_9111-scaled.jpg","type":"image\/jpeg"}],"twitter_card":"summary_large_image","twitter_misc":{"Becs\u00fclt olvas\u00e1si id\u0151":"1 perc"},"schema":{"@context":"https:\/\/schema.org","@graph":[{"@type":"WebPage","@id":"https:\/\/gergelyfabian.com\/termek\/path-to-light\/","url":"https:\/\/gergelyfabian.com\/termek\/path-to-light\/","name":"Path to Light - Gergely Fabian Art","isPartOf":{"@id":"https:\/\/gergelyfabian.com\/#website"},"primaryImageOfPage":{"@id":"https:\/\/gergelyfabian.com\/termek\/path-to-light\/#primaryimage"},"image":{"@id":"https:\/\/gergelyfabian.com\/termek\/path-to-light\/#primaryimage"},"thumbnailUrl":"https:\/\/gergelyfabian.com\/wp-content\/uploads\/2025\/09\/IMG_9111-scaled.jpg","datePublished":"2025-09-17T08:15:03+00:00","dateModified":"2026-01-18T17:07:57+00:00","breadcrumb":{"@id":"https:\/\/gergelyfabian.com\/termek\/path-to-light\/#breadcrumb"},"inLanguage":"hu","potentialAction":[{"@type":"ReadAction","target":["https:\/\/gergelyfabian.com\/termek\/path-to-light\/"]}]},{"@type":"ImageObject","inLanguage":"hu","@id":"https:\/\/gergelyfabian.com\/termek\/path-to-light\/#primaryimage","url":"https:\/\/gergelyfabian.com\/wp-content\/uploads\/2025\/09\/IMG_9111-scaled.jpg","contentUrl":"https:\/\/gergelyfabian.com\/wp-content\/uploads\/2025\/09\/IMG_9111-scaled.jpg","width":2560,"height":2133,"caption":"Path to Light"},{"@type":"BreadcrumbList","@id":"https:\/\/gergelyfabian.com\/termek\/path-to-light\/#breadcrumb","itemListElement":[{"@type":"ListItem","position":1,"name":"Kezd\u0151lap","item":"https:\/\/gergelyfabian.com\/"},{"@type":"ListItem","position":2,"name":"Term\u00e9kek","item":"https:\/\/gergelyfabian.com\/shop\/"},{"@type":"ListItem","position":3,"name":"Path to Light"}]},{"@type":"WebSite","@id":"https:\/\/gergelyfabian.com\/#website","url":"https:\/\/gergelyfabian.com\/","name":"Gergely Fabian Art","description":"Own exclusive original paintings and limited fine art prints by UK-based artist Gergely Fabian. Collect unique artworks shipped worldwide","publisher":{"@id":"https:\/\/gergelyfabian.com\/#\/schema\/person\/b3f23cbbed6a50d7ebd858c027460bd9"},"potentialAction":[{"@type":"SearchAction","target":{"@type":"EntryPoint","urlTemplate":"https:\/\/gergelyfabian.com\/?s={search_term_string}"},"query-input":{"@type":"PropertyValueSpecification","valueRequired":true,"valueName":"search_term_string"}}],"inLanguage":"hu"},{"@type":["Person","Organization"],"@id":"https:\/\/gergelyfabian.com\/#\/schema\/person\/b3f23cbbed6a50d7ebd858c027460bd9","name":"Gergely F\u00e1bi\u00e1n","image":{"@type":"ImageObject","inLanguage":"hu","@id":"https:\/\/gergelyfabian.com\/#\/schema\/person\/image\/","url":"https:\/\/gergelyfabian.com\/wp-content\/uploads\/2025\/06\/gergely_fabian_logo_black-1.png","contentUrl":"https:\/\/gergelyfabian.com\/wp-content\/uploads\/2025\/06\/gergely_fabian_logo_black-1.png","width":399,"height":62,"caption":"Gergely F\u00e1bi\u00e1n"},"logo":{"@id":"https:\/\/gergelyfabian.com\/#\/schema\/person\/image\/"},"description":"A k\u00e9peim ilyen \u00e1llapotb\u00f3l sz\u00fcletnek \u2013 nem c\u00e9lb\u00f3l, hanem jelenl\u00e9tb\u0151l. \u00c9s ha n\u00e9z\u00e9s\u00fck k\u00f6zben te is meg\u00e9rzed ezt a k\u00f6nnyeds\u00e9get, akkor m\u00e1r megt\u00f6rt\u00e9nt, aminek t\u00f6rt\u00e9nnie kellett.","sameAs":["https:\/\/gergelyfabian.com","https:\/\/www.facebook.com\/gergely.fabian.79"]}]}},"jetpack_sharing_enabled":true,"_links":{"self":[{"href":"https:\/\/gergelyfabian.com\/hu\/wp-json\/wp\/v2\/product\/1014","targetHints":{"allow":["GET"]}}],"collection":[{"href":"https:\/\/gergelyfabian.com\/hu\/wp-json\/wp\/v2\/product"}],"about":[{"href":"https:\/\/gergelyfabian.com\/hu\/wp-json\/wp\/v2\/types\/product"}],"version-history":[{"count":5,"href":"https:\/\/gergelyfabian.com\/hu\/wp-json\/wp\/v2\/product\/1014\/revisions"}],"predecessor-version":[{"id":1307,"href":"https:\/\/gergelyfabian.com\/hu\/wp-json\/wp\/v2\/product\/1014\/revisions\/1307"}],"wp:featuredmedia":[{"embeddable":true,"href":"https:\/\/gergelyfabian.com\/hu\/wp-json\/wp\/v2\/media\/1011"}],"wp:attachment":[{"href":"https:\/\/gergelyfabian.com\/hu\/wp-json\/wp\/v2\/media?parent=1014"}],"wp:term":[{"taxonomy":"product_brand","embeddable":true,"href":"https:\/\/gergelyfabian.com\/hu\/wp-json\/wp\/v2\/product_brand?post=1014"},{"taxonomy":"product_cat","embeddable":true,"href":"https:\/\/gergelyfabian.com\/hu\/wp-json\/wp\/v2\/product_cat?post=1014"},{"taxonomy":"product_tag","embeddable":true,"href":"https:\/\/gergelyfabian.com\/hu\/wp-json\/wp\/v2\/product_tag?post=1014"}],"curies":[{"name":"wp","href":"https:\/\/api.w.org\/{rel}","templated":true}]}}