{"id":1060,"date":"2025-09-19T16:40:03","date_gmt":"2025-09-19T15:40:03","guid":{"rendered":"https:\/\/gergelyfabian.com\/?post_type=product&#038;p=1060"},"modified":"2025-09-20T10:15:27","modified_gmt":"2025-09-20T09:15:27","slug":"inner-ignition-2","status":"publish","type":"product","link":"https:\/\/gergelyfabian.com\/hu\/termek\/inner-ignition-2\/","title":{"rendered":"Bels\u0151 szikra"},"content":{"rendered":"<p><strong>Bels\u0151 szikra<\/strong><\/p>\n<p><em><span style=\"font-weight: 400;\">Egy l\u00e1gy, sz\u00edvb\u0151l fakad\u00f3 energia robban\u00e1sa t\u00e1rul fel a vir\u00e1g szirmaiban, mely szeretetet \u00e9s \u00e9let\u00f6r\u00f6m\u00f6t sug\u00e1roz sz\u00e9t. A csendb\u0151l sz\u00fclet\u0151 mozdulat megnyitja a teret, ahol a teljess\u00e9g \u00e9s az egys\u00e9g kibontakozhat. Ez a k\u00e9p eml\u00e9keztet arra, hogy a legm\u00e9lyebb er\u0151 a sz\u00edv csendj\u00e9b\u0151l fakad, \u00e9s onnan \u00e1rad sz\u00e9t a vil\u00e1gba.<\/span><\/em><\/p>\n<p>M\u0171v\u00e9szi gicl\u00e9e v\u00e1szonnyomat \u2013 2 m\u00e9retben el\u00e9rhet\u0151<\/p>","protected":false},"excerpt":{"rendered":"<p><em><span style=\"font-weight: 400;\">A sz\u00edvb\u0151l fakad\u00f3 energia finom robban\u00e1sa, mely szeretetet \u00e9s \u00e9let\u00f6r\u00f6m\u00f6t sug\u00e1roz. A csendb\u0151l sz\u00fclet\u0151 mozdulat, ami a t\u00e9rben nyit utat a teljess\u00e9gnek.<\/span><\/em><\/p>","protected":false},"featured_media":1032,"template":"","meta":[],"product_brand":[],"product_cat":[36],"product_tag":[],"class_list":{"0":"post-1060","1":"product","2":"type-product","3":"status-publish","4":"has-post-thumbnail","6":"product_cat-prints","7":"product_shipping_class-printing-normal-shipping","9":"first","10":"instock","11":"shipping-taxable","12":"purchasable","13":"product-type-variable"},"yoast_head":"<!-- This site is optimized with the Yoast SEO plugin v26.0 - https:\/\/yoast.com\/wordpress\/plugins\/seo\/ -->\n<title>Inner Ignition - Gergely Fabian Art<\/title>\n<meta name=\"robots\" content=\"index, follow, max-snippet:-1, max-image-preview:large, max-video-preview:-1\" \/>\n<link rel=\"canonical\" href=\"https:\/\/gergelyfabian.com\/hu\/termek\/inner-ignition-2\/\" \/>\n<meta property=\"og:locale\" content=\"hu_HU\" \/>\n<meta property=\"og:type\" content=\"article\" \/>\n<meta property=\"og:title\" content=\"Inner Ignition - Gergely Fabian Art\" \/>\n<meta property=\"og:description\" content=\"A gentle burst of heart-born energy, radiating love and joy of life. A movement born from silence, opening space for wholeness.\" \/>\n<meta property=\"og:url\" content=\"https:\/\/gergelyfabian.com\/hu\/termek\/inner-ignition-2\/\" \/>\n<meta property=\"og:site_name\" content=\"Gergely Fabian Art\" \/>\n<meta property=\"article:publisher\" content=\"https:\/\/www.facebook.com\/gergely.fabian.79\" \/>\n<meta property=\"article:modified_time\" content=\"2025-09-20T09:15:27+00:00\" \/>\n<meta property=\"og:image\" content=\"https:\/\/gergelyfabian.com\/wp-content\/uploads\/2025\/09\/IMG_9249i-scaled.jpg\" \/>\n\t<meta property=\"og:image:width\" content=\"1989\" \/>\n\t<meta property=\"og:image:height\" content=\"2560\" \/>\n\t<meta property=\"og:image:type\" content=\"image\/jpeg\" \/>\n<meta name=\"twitter:card\" content=\"summary_large_image\" \/>\n<script type=\"application\/ld+json\" class=\"yoast-schema-graph\">{\"@context\":\"https:\/\/schema.org\",\"@graph\":[{\"@type\":\"WebPage\",\"@id\":\"https:\/\/gergelyfabian.com\/termek\/inner-ignition-2\/\",\"url\":\"https:\/\/gergelyfabian.com\/termek\/inner-ignition-2\/\",\"name\":\"Inner Ignition - Gergely Fabian Art\",\"isPartOf\":{\"@id\":\"https:\/\/gergelyfabian.com\/#website\"},\"primaryImageOfPage\":{\"@id\":\"https:\/\/gergelyfabian.com\/termek\/inner-ignition-2\/#primaryimage\"},\"image\":{\"@id\":\"https:\/\/gergelyfabian.com\/termek\/inner-ignition-2\/#primaryimage\"},\"thumbnailUrl\":\"https:\/\/gergelyfabian.com\/wp-content\/uploads\/2025\/09\/IMG_9249i-scaled.jpg\",\"datePublished\":\"2025-09-19T15:40:03+00:00\",\"dateModified\":\"2025-09-20T09:15:27+00:00\",\"breadcrumb\":{\"@id\":\"https:\/\/gergelyfabian.com\/termek\/inner-ignition-2\/#breadcrumb\"},\"inLanguage\":\"hu\",\"potentialAction\":[{\"@type\":\"ReadAction\",\"target\":[\"https:\/\/gergelyfabian.com\/termek\/inner-ignition-2\/\"]}]},{\"@type\":\"ImageObject\",\"inLanguage\":\"hu\",\"@id\":\"https:\/\/gergelyfabian.com\/termek\/inner-ignition-2\/#primaryimage\",\"url\":\"https:\/\/gergelyfabian.com\/wp-content\/uploads\/2025\/09\/IMG_9249i-scaled.jpg\",\"contentUrl\":\"https:\/\/gergelyfabian.com\/wp-content\/uploads\/2025\/09\/IMG_9249i-scaled.jpg\",\"width\":1989,\"height\":2560,\"caption\":\"Inner Ignition\"},{\"@type\":\"BreadcrumbList\",\"@id\":\"https:\/\/gergelyfabian.com\/termek\/inner-ignition-2\/#breadcrumb\",\"itemListElement\":[{\"@type\":\"ListItem\",\"position\":1,\"name\":\"Kezd\u0151lap\",\"item\":\"https:\/\/gergelyfabian.com\/\"},{\"@type\":\"ListItem\",\"position\":2,\"name\":\"Term\u00e9kek\",\"item\":\"https:\/\/gergelyfabian.com\/shop\/\"},{\"@type\":\"ListItem\",\"position\":3,\"name\":\"Inner Ignition\"}]},{\"@type\":\"WebSite\",\"@id\":\"https:\/\/gergelyfabian.com\/#website\",\"url\":\"https:\/\/gergelyfabian.com\/\",\"name\":\"Gergely Fabian Art\",\"description\":\"Own exclusive original paintings and limited fine art prints by UK-based artist Gergely Fabian. Collect unique artworks shipped worldwide\",\"publisher\":{\"@id\":\"https:\/\/gergelyfabian.com\/#\/schema\/person\/b3f23cbbed6a50d7ebd858c027460bd9\"},\"potentialAction\":[{\"@type\":\"SearchAction\",\"target\":{\"@type\":\"EntryPoint\",\"urlTemplate\":\"https:\/\/gergelyfabian.com\/?s={search_term_string}\"},\"query-input\":{\"@type\":\"PropertyValueSpecification\",\"valueRequired\":true,\"valueName\":\"search_term_string\"}}],\"inLanguage\":\"hu\"},{\"@type\":[\"Person\",\"Organization\"],\"@id\":\"https:\/\/gergelyfabian.com\/#\/schema\/person\/b3f23cbbed6a50d7ebd858c027460bd9\",\"name\":\"Gergely F\u00e1bi\u00e1n\",\"image\":{\"@type\":\"ImageObject\",\"inLanguage\":\"hu\",\"@id\":\"https:\/\/gergelyfabian.com\/#\/schema\/person\/image\/\",\"url\":\"https:\/\/gergelyfabian.com\/wp-content\/uploads\/2025\/06\/gergely_fabian_logo_black-1.png\",\"contentUrl\":\"https:\/\/gergelyfabian.com\/wp-content\/uploads\/2025\/06\/gergely_fabian_logo_black-1.png\",\"width\":399,\"height\":62,\"caption\":\"Gergely F\u00e1bi\u00e1n\"},\"logo\":{\"@id\":\"https:\/\/gergelyfabian.com\/#\/schema\/person\/image\/\"},\"description\":\"My paintings are born from this state \u2013 not from purpose, but from presence. And if, through them, you feel even a moment of that inner stillness, then what needed to happen has already happened.\",\"sameAs\":[\"https:\/\/gergelyfabian.com\",\"https:\/\/www.facebook.com\/gergely.fabian.79\"]}]}<\/script>\n<!-- \/ Yoast SEO plugin. -->","yoast_head_json":{"title":"Inner Ignition - Gergely Fabian Art","robots":{"index":"index","follow":"follow","max-snippet":"max-snippet:-1","max-image-preview":"max-image-preview:large","max-video-preview":"max-video-preview:-1"},"canonical":"https:\/\/gergelyfabian.com\/hu\/termek\/inner-ignition-2\/","og_locale":"hu_HU","og_type":"article","og_title":"Inner Ignition - Gergely Fabian Art","og_description":"A gentle burst of heart-born energy, radiating love and joy of life. A movement born from silence, opening space for wholeness.","og_url":"https:\/\/gergelyfabian.com\/hu\/termek\/inner-ignition-2\/","og_site_name":"Gergely Fabian Art","article_publisher":"https:\/\/www.facebook.com\/gergely.fabian.79","article_modified_time":"2025-09-20T09:15:27+00:00","og_image":[{"width":1989,"height":2560,"url":"https:\/\/gergelyfabian.com\/wp-content\/uploads\/2025\/09\/IMG_9249i-scaled.jpg","type":"image\/jpeg"}],"twitter_card":"summary_large_image","schema":{"@context":"https:\/\/schema.org","@graph":[{"@type":"WebPage","@id":"https:\/\/gergelyfabian.com\/termek\/inner-ignition-2\/","url":"https:\/\/gergelyfabian.com\/termek\/inner-ignition-2\/","name":"Inner Ignition - Gergely Fabian Art","isPartOf":{"@id":"https:\/\/gergelyfabian.com\/#website"},"primaryImageOfPage":{"@id":"https:\/\/gergelyfabian.com\/termek\/inner-ignition-2\/#primaryimage"},"image":{"@id":"https:\/\/gergelyfabian.com\/termek\/inner-ignition-2\/#primaryimage"},"thumbnailUrl":"https:\/\/gergelyfabian.com\/wp-content\/uploads\/2025\/09\/IMG_9249i-scaled.jpg","datePublished":"2025-09-19T15:40:03+00:00","dateModified":"2025-09-20T09:15:27+00:00","breadcrumb":{"@id":"https:\/\/gergelyfabian.com\/termek\/inner-ignition-2\/#breadcrumb"},"inLanguage":"hu","potentialAction":[{"@type":"ReadAction","target":["https:\/\/gergelyfabian.com\/termek\/inner-ignition-2\/"]}]},{"@type":"ImageObject","inLanguage":"hu","@id":"https:\/\/gergelyfabian.com\/termek\/inner-ignition-2\/#primaryimage","url":"https:\/\/gergelyfabian.com\/wp-content\/uploads\/2025\/09\/IMG_9249i-scaled.jpg","contentUrl":"https:\/\/gergelyfabian.com\/wp-content\/uploads\/2025\/09\/IMG_9249i-scaled.jpg","width":1989,"height":2560,"caption":"Inner Ignition"},{"@type":"BreadcrumbList","@id":"https:\/\/gergelyfabian.com\/termek\/inner-ignition-2\/#breadcrumb","itemListElement":[{"@type":"ListItem","position":1,"name":"Kezd\u0151lap","item":"https:\/\/gergelyfabian.com\/"},{"@type":"ListItem","position":2,"name":"Term\u00e9kek","item":"https:\/\/gergelyfabian.com\/shop\/"},{"@type":"ListItem","position":3,"name":"Inner Ignition"}]},{"@type":"WebSite","@id":"https:\/\/gergelyfabian.com\/#website","url":"https:\/\/gergelyfabian.com\/","name":"Gergely Fabian Art","description":"Own exclusive original paintings and limited fine art prints by UK-based artist Gergely Fabian. Collect unique artworks shipped worldwide","publisher":{"@id":"https:\/\/gergelyfabian.com\/#\/schema\/person\/b3f23cbbed6a50d7ebd858c027460bd9"},"potentialAction":[{"@type":"SearchAction","target":{"@type":"EntryPoint","urlTemplate":"https:\/\/gergelyfabian.com\/?s={search_term_string}"},"query-input":{"@type":"PropertyValueSpecification","valueRequired":true,"valueName":"search_term_string"}}],"inLanguage":"hu"},{"@type":["Person","Organization"],"@id":"https:\/\/gergelyfabian.com\/#\/schema\/person\/b3f23cbbed6a50d7ebd858c027460bd9","name":"Gergely F\u00e1bi\u00e1n","image":{"@type":"ImageObject","inLanguage":"hu","@id":"https:\/\/gergelyfabian.com\/#\/schema\/person\/image\/","url":"https:\/\/gergelyfabian.com\/wp-content\/uploads\/2025\/06\/gergely_fabian_logo_black-1.png","contentUrl":"https:\/\/gergelyfabian.com\/wp-content\/uploads\/2025\/06\/gergely_fabian_logo_black-1.png","width":399,"height":62,"caption":"Gergely F\u00e1bi\u00e1n"},"logo":{"@id":"https:\/\/gergelyfabian.com\/#\/schema\/person\/image\/"},"description":"A k\u00e9peim ilyen \u00e1llapotb\u00f3l sz\u00fcletnek \u2013 nem c\u00e9lb\u00f3l, hanem jelenl\u00e9tb\u0151l. \u00c9s ha n\u00e9z\u00e9s\u00fck k\u00f6zben te is meg\u00e9rzed ezt a k\u00f6nnyeds\u00e9get, akkor m\u00e1r megt\u00f6rt\u00e9nt, aminek t\u00f6rt\u00e9nnie kellett.","sameAs":["https:\/\/gergelyfabian.com","https:\/\/www.facebook.com\/gergely.fabian.79"]}]}},"jetpack_sharing_enabled":true,"_links":{"self":[{"href":"https:\/\/gergelyfabian.com\/hu\/wp-json\/wp\/v2\/product\/1060","targetHints":{"allow":["GET"]}}],"collection":[{"href":"https:\/\/gergelyfabian.com\/hu\/wp-json\/wp\/v2\/product"}],"about":[{"href":"https:\/\/gergelyfabian.com\/hu\/wp-json\/wp\/v2\/types\/product"}],"version-history":[{"count":2,"href":"https:\/\/gergelyfabian.com\/hu\/wp-json\/wp\/v2\/product\/1060\/revisions"}],"predecessor-version":[{"id":1097,"href":"https:\/\/gergelyfabian.com\/hu\/wp-json\/wp\/v2\/product\/1060\/revisions\/1097"}],"wp:featuredmedia":[{"embeddable":true,"href":"https:\/\/gergelyfabian.com\/hu\/wp-json\/wp\/v2\/media\/1032"}],"wp:attachment":[{"href":"https:\/\/gergelyfabian.com\/hu\/wp-json\/wp\/v2\/media?parent=1060"}],"wp:term":[{"taxonomy":"product_brand","embeddable":true,"href":"https:\/\/gergelyfabian.com\/hu\/wp-json\/wp\/v2\/product_brand?post=1060"},{"taxonomy":"product_cat","embeddable":true,"href":"https:\/\/gergelyfabian.com\/hu\/wp-json\/wp\/v2\/product_cat?post=1060"},{"taxonomy":"product_tag","embeddable":true,"href":"https:\/\/gergelyfabian.com\/hu\/wp-json\/wp\/v2\/product_tag?post=1060"}],"curies":[{"name":"wp","href":"https:\/\/api.w.org\/{rel}","templated":true}]}}