{"id":1194,"date":"2025-11-20T14:29:31","date_gmt":"2025-11-20T14:29:31","guid":{"rendered":"https:\/\/gergelyfabian.com\/?post_type=product&#038;p=1194"},"modified":"2026-01-18T17:10:44","modified_gmt":"2026-01-18T17:10:44","slug":"the-breathe-of-the-forest","status":"publish","type":"product","link":"https:\/\/gergelyfabian.com\/hu\/termek\/the-breathe-of-the-forest\/","title":{"rendered":"Az erd\u0151 l\u00e9legzete"},"content":{"rendered":"<p><strong>Az erd\u0151 l\u00e9legzete<\/strong><\/p>\n<p><em><span style=\"font-weight: 400;\">\u201eAz erd\u0151 l\u00e9legzete\u201d egy olyan csendes teret id\u00e9z meg, ahol minden lev\u00e9l, minden f\u00e9nysug\u00e1r \u00e9s minden sz\u00edn\u00e1rnyalat az inner jelenl\u00e9t t\u00fckre lesz. A v\u00f6r\u00f6s lombkorona \u00e9s a h\u0171v\u00f6s k\u00e9k m\u00e9lys\u00e9g tal\u00e1lkoz\u00e1sa a t\u0171z \u00e9s a leveg\u0151 finom t\u00e1ncak\u00e9nt bontakozik ki, \u00e9s a n\u00e9z\u0151t a puszta l\u00e9tez\u00e9sre hangolja. Ez a festm\u00e9ny a lass\u00fa, m\u00e9ly l\u00e9legzetek \u00e9s a bels\u0151 elcsendesed\u00e9s tere \u2014 eml\u00e9keztet\u0151 arra, hogy m\u00e1r most is teljes vagy.<\/span><\/em><\/p>\n<p><span style=\"font-weight: 400;\">Eredeti akril festm\u00e9ny v\u00e1sznon<\/span><\/p>\n<p><span style=\"font-weight: 400;\">M\u00e9ret: 70 \u00d7 50 x 2cm<\/span><\/p>\n<p>\u00c9v: 2025<\/p>\n<p><span style=\"font-weight: 400;\">Technika: Akril<\/span><\/p>\n<p>Hordoz\u00f3: Fesz\u00edtett pamutv\u00e1szon<\/p>\n<p>Lakkoz\u00e1s: Magasf\u00e9ny\u0171 v\u00e9d\u0151lakk<\/p>\n<p>Oldalak: Festettek, keret n\u00e9lk\u00fcl is falra tehet\u0151<\/p>\n<p>Felf\u00fcggeszt\u00e9sre k\u00e9sz: Igen<\/p>\n<p>Al\u00e1\u00edr\u00e1s: H\u00e1toldalon szign\u00f3zva<\/p>","protected":false},"excerpt":{"rendered":"<p><em>Ez a festm\u00e9ny finom eml\u00e9keztet\u0151 arra, hogy \u00e1llj meg egy pillanatra, \u00e9s engedd, hogy a f\u00e9ny, a form\u00e1k \u00e9s az \u00e9let k\u00f6r\u00fcl\u00f6tted \u00e1tj\u00e1rjanak \u2014 egy id\u0151n k\u00edv\u00fcl lebeg\u0151 csendes pillanat.<\/em><\/p>","protected":false},"featured_media":1191,"template":"","meta":[],"product_brand":[],"product_cat":[32],"product_tag":[],"class_list":{"0":"post-1194","1":"product","2":"type-product","3":"status-publish","4":"has-post-thumbnail","6":"product_cat-artworks","7":"product_shipping_class-art-work-sent-by-parcel-service","9":"first","10":"instock","11":"shipping-taxable","12":"purchasable","13":"product-type-simple"},"yoast_head":"<!-- This site is optimized with the Yoast SEO plugin v26.0 - https:\/\/yoast.com\/wordpress\/plugins\/seo\/ -->\n<title>The Breathe of the Forest - Gergely Fabian Art<\/title>\n<meta name=\"robots\" content=\"index, follow, max-snippet:-1, max-image-preview:large, max-video-preview:-1\" \/>\n<link rel=\"canonical\" href=\"https:\/\/gergelyfabian.com\/hu\/termek\/the-breathe-of-the-forest\/\" \/>\n<meta property=\"og:locale\" content=\"hu_HU\" \/>\n<meta property=\"og:type\" content=\"article\" \/>\n<meta property=\"og:title\" content=\"The Breathe of the Forest - Gergely Fabian Art\" \/>\n<meta property=\"og:description\" content=\"This painting is a gentle reminder to pause and feel the light, the shapes, and the life around you \u2014 a moment of stillness suspended in time.\" \/>\n<meta property=\"og:url\" content=\"https:\/\/gergelyfabian.com\/hu\/termek\/the-breathe-of-the-forest\/\" \/>\n<meta property=\"og:site_name\" content=\"Gergely Fabian Art\" \/>\n<meta property=\"article:publisher\" content=\"https:\/\/www.facebook.com\/gergely.fabian.79\" \/>\n<meta property=\"article:modified_time\" content=\"2026-01-18T17:10:44+00:00\" \/>\n<meta property=\"og:image\" content=\"https:\/\/gergelyfabian.com\/wp-content\/uploads\/2025\/11\/IMG_9441b.jpg\" \/>\n\t<meta property=\"og:image:width\" content=\"2230\" \/>\n\t<meta property=\"og:image:height\" content=\"1586\" \/>\n\t<meta property=\"og:image:type\" content=\"image\/jpeg\" \/>\n<meta name=\"twitter:card\" content=\"summary_large_image\" \/>\n<meta name=\"twitter:label1\" content=\"Becs\u00fclt olvas\u00e1si id\u0151\" \/>\n\t<meta name=\"twitter:data1\" content=\"1 perc\" \/>\n<script type=\"application\/ld+json\" class=\"yoast-schema-graph\">{\"@context\":\"https:\/\/schema.org\",\"@graph\":[{\"@type\":\"WebPage\",\"@id\":\"https:\/\/gergelyfabian.com\/termek\/the-breathe-of-the-forest\/\",\"url\":\"https:\/\/gergelyfabian.com\/termek\/the-breathe-of-the-forest\/\",\"name\":\"The Breathe of the Forest - Gergely Fabian Art\",\"isPartOf\":{\"@id\":\"https:\/\/gergelyfabian.com\/#website\"},\"primaryImageOfPage\":{\"@id\":\"https:\/\/gergelyfabian.com\/termek\/the-breathe-of-the-forest\/#primaryimage\"},\"image\":{\"@id\":\"https:\/\/gergelyfabian.com\/termek\/the-breathe-of-the-forest\/#primaryimage\"},\"thumbnailUrl\":\"https:\/\/gergelyfabian.com\/wp-content\/uploads\/2025\/11\/IMG_9441b.jpg\",\"datePublished\":\"2025-11-20T14:29:31+00:00\",\"dateModified\":\"2026-01-18T17:10:44+00:00\",\"breadcrumb\":{\"@id\":\"https:\/\/gergelyfabian.com\/termek\/the-breathe-of-the-forest\/#breadcrumb\"},\"inLanguage\":\"hu\",\"potentialAction\":[{\"@type\":\"ReadAction\",\"target\":[\"https:\/\/gergelyfabian.com\/termek\/the-breathe-of-the-forest\/\"]}]},{\"@type\":\"ImageObject\",\"inLanguage\":\"hu\",\"@id\":\"https:\/\/gergelyfabian.com\/termek\/the-breathe-of-the-forest\/#primaryimage\",\"url\":\"https:\/\/gergelyfabian.com\/wp-content\/uploads\/2025\/11\/IMG_9441b.jpg\",\"contentUrl\":\"https:\/\/gergelyfabian.com\/wp-content\/uploads\/2025\/11\/IMG_9441b.jpg\",\"width\":2230,\"height\":1586,\"caption\":\"The Breathe of the Forest\"},{\"@type\":\"BreadcrumbList\",\"@id\":\"https:\/\/gergelyfabian.com\/termek\/the-breathe-of-the-forest\/#breadcrumb\",\"itemListElement\":[{\"@type\":\"ListItem\",\"position\":1,\"name\":\"Kezd\u0151lap\",\"item\":\"https:\/\/gergelyfabian.com\/\"},{\"@type\":\"ListItem\",\"position\":2,\"name\":\"Term\u00e9kek\",\"item\":\"https:\/\/gergelyfabian.com\/shop\/\"},{\"@type\":\"ListItem\",\"position\":3,\"name\":\"The Breathe of the Forest\"}]},{\"@type\":\"WebSite\",\"@id\":\"https:\/\/gergelyfabian.com\/#website\",\"url\":\"https:\/\/gergelyfabian.com\/\",\"name\":\"Gergely Fabian Art\",\"description\":\"Own exclusive original paintings and limited fine art prints by UK-based artist Gergely Fabian. Collect unique artworks shipped worldwide\",\"publisher\":{\"@id\":\"https:\/\/gergelyfabian.com\/#\/schema\/person\/b3f23cbbed6a50d7ebd858c027460bd9\"},\"potentialAction\":[{\"@type\":\"SearchAction\",\"target\":{\"@type\":\"EntryPoint\",\"urlTemplate\":\"https:\/\/gergelyfabian.com\/?s={search_term_string}\"},\"query-input\":{\"@type\":\"PropertyValueSpecification\",\"valueRequired\":true,\"valueName\":\"search_term_string\"}}],\"inLanguage\":\"hu\"},{\"@type\":[\"Person\",\"Organization\"],\"@id\":\"https:\/\/gergelyfabian.com\/#\/schema\/person\/b3f23cbbed6a50d7ebd858c027460bd9\",\"name\":\"Gergely F\u00e1bi\u00e1n\",\"image\":{\"@type\":\"ImageObject\",\"inLanguage\":\"hu\",\"@id\":\"https:\/\/gergelyfabian.com\/#\/schema\/person\/image\/\",\"url\":\"https:\/\/gergelyfabian.com\/wp-content\/uploads\/2025\/06\/gergely_fabian_logo_black-1.png\",\"contentUrl\":\"https:\/\/gergelyfabian.com\/wp-content\/uploads\/2025\/06\/gergely_fabian_logo_black-1.png\",\"width\":399,\"height\":62,\"caption\":\"Gergely F\u00e1bi\u00e1n\"},\"logo\":{\"@id\":\"https:\/\/gergelyfabian.com\/#\/schema\/person\/image\/\"},\"description\":\"My paintings are born from this state \u2013 not from purpose, but from presence. And if, through them, you feel even a moment of that inner stillness, then what needed to happen has already happened.\",\"sameAs\":[\"https:\/\/gergelyfabian.com\",\"https:\/\/www.facebook.com\/gergely.fabian.79\"]}]}<\/script>\n<!-- \/ Yoast SEO plugin. -->","yoast_head_json":{"title":"The Breathe of the Forest - Gergely Fabian Art","robots":{"index":"index","follow":"follow","max-snippet":"max-snippet:-1","max-image-preview":"max-image-preview:large","max-video-preview":"max-video-preview:-1"},"canonical":"https:\/\/gergelyfabian.com\/hu\/termek\/the-breathe-of-the-forest\/","og_locale":"hu_HU","og_type":"article","og_title":"The Breathe of the Forest - Gergely Fabian Art","og_description":"This painting is a gentle reminder to pause and feel the light, the shapes, and the life around you \u2014 a moment of stillness suspended in time.","og_url":"https:\/\/gergelyfabian.com\/hu\/termek\/the-breathe-of-the-forest\/","og_site_name":"Gergely Fabian Art","article_publisher":"https:\/\/www.facebook.com\/gergely.fabian.79","article_modified_time":"2026-01-18T17:10:44+00:00","og_image":[{"width":2230,"height":1586,"url":"https:\/\/gergelyfabian.com\/wp-content\/uploads\/2025\/11\/IMG_9441b.jpg","type":"image\/jpeg"}],"twitter_card":"summary_large_image","twitter_misc":{"Becs\u00fclt olvas\u00e1si id\u0151":"1 perc"},"schema":{"@context":"https:\/\/schema.org","@graph":[{"@type":"WebPage","@id":"https:\/\/gergelyfabian.com\/termek\/the-breathe-of-the-forest\/","url":"https:\/\/gergelyfabian.com\/termek\/the-breathe-of-the-forest\/","name":"The Breathe of the Forest - Gergely Fabian Art","isPartOf":{"@id":"https:\/\/gergelyfabian.com\/#website"},"primaryImageOfPage":{"@id":"https:\/\/gergelyfabian.com\/termek\/the-breathe-of-the-forest\/#primaryimage"},"image":{"@id":"https:\/\/gergelyfabian.com\/termek\/the-breathe-of-the-forest\/#primaryimage"},"thumbnailUrl":"https:\/\/gergelyfabian.com\/wp-content\/uploads\/2025\/11\/IMG_9441b.jpg","datePublished":"2025-11-20T14:29:31+00:00","dateModified":"2026-01-18T17:10:44+00:00","breadcrumb":{"@id":"https:\/\/gergelyfabian.com\/termek\/the-breathe-of-the-forest\/#breadcrumb"},"inLanguage":"hu","potentialAction":[{"@type":"ReadAction","target":["https:\/\/gergelyfabian.com\/termek\/the-breathe-of-the-forest\/"]}]},{"@type":"ImageObject","inLanguage":"hu","@id":"https:\/\/gergelyfabian.com\/termek\/the-breathe-of-the-forest\/#primaryimage","url":"https:\/\/gergelyfabian.com\/wp-content\/uploads\/2025\/11\/IMG_9441b.jpg","contentUrl":"https:\/\/gergelyfabian.com\/wp-content\/uploads\/2025\/11\/IMG_9441b.jpg","width":2230,"height":1586,"caption":"The Breathe of the Forest"},{"@type":"BreadcrumbList","@id":"https:\/\/gergelyfabian.com\/termek\/the-breathe-of-the-forest\/#breadcrumb","itemListElement":[{"@type":"ListItem","position":1,"name":"Kezd\u0151lap","item":"https:\/\/gergelyfabian.com\/"},{"@type":"ListItem","position":2,"name":"Term\u00e9kek","item":"https:\/\/gergelyfabian.com\/shop\/"},{"@type":"ListItem","position":3,"name":"The Breathe of the Forest"}]},{"@type":"WebSite","@id":"https:\/\/gergelyfabian.com\/#website","url":"https:\/\/gergelyfabian.com\/","name":"Gergely Fabian Art","description":"Own exclusive original paintings and limited fine art prints by UK-based artist Gergely Fabian. Collect unique artworks shipped worldwide","publisher":{"@id":"https:\/\/gergelyfabian.com\/#\/schema\/person\/b3f23cbbed6a50d7ebd858c027460bd9"},"potentialAction":[{"@type":"SearchAction","target":{"@type":"EntryPoint","urlTemplate":"https:\/\/gergelyfabian.com\/?s={search_term_string}"},"query-input":{"@type":"PropertyValueSpecification","valueRequired":true,"valueName":"search_term_string"}}],"inLanguage":"hu"},{"@type":["Person","Organization"],"@id":"https:\/\/gergelyfabian.com\/#\/schema\/person\/b3f23cbbed6a50d7ebd858c027460bd9","name":"Gergely F\u00e1bi\u00e1n","image":{"@type":"ImageObject","inLanguage":"hu","@id":"https:\/\/gergelyfabian.com\/#\/schema\/person\/image\/","url":"https:\/\/gergelyfabian.com\/wp-content\/uploads\/2025\/06\/gergely_fabian_logo_black-1.png","contentUrl":"https:\/\/gergelyfabian.com\/wp-content\/uploads\/2025\/06\/gergely_fabian_logo_black-1.png","width":399,"height":62,"caption":"Gergely F\u00e1bi\u00e1n"},"logo":{"@id":"https:\/\/gergelyfabian.com\/#\/schema\/person\/image\/"},"description":"A k\u00e9peim ilyen \u00e1llapotb\u00f3l sz\u00fcletnek \u2013 nem c\u00e9lb\u00f3l, hanem jelenl\u00e9tb\u0151l. \u00c9s ha n\u00e9z\u00e9s\u00fck k\u00f6zben te is meg\u00e9rzed ezt a k\u00f6nnyeds\u00e9get, akkor m\u00e1r megt\u00f6rt\u00e9nt, aminek t\u00f6rt\u00e9nnie kellett.","sameAs":["https:\/\/gergelyfabian.com","https:\/\/www.facebook.com\/gergely.fabian.79"]}]}},"jetpack_sharing_enabled":true,"_links":{"self":[{"href":"https:\/\/gergelyfabian.com\/hu\/wp-json\/wp\/v2\/product\/1194","targetHints":{"allow":["GET"]}}],"collection":[{"href":"https:\/\/gergelyfabian.com\/hu\/wp-json\/wp\/v2\/product"}],"about":[{"href":"https:\/\/gergelyfabian.com\/hu\/wp-json\/wp\/v2\/types\/product"}],"version-history":[{"count":7,"href":"https:\/\/gergelyfabian.com\/hu\/wp-json\/wp\/v2\/product\/1194\/revisions"}],"predecessor-version":[{"id":1284,"href":"https:\/\/gergelyfabian.com\/hu\/wp-json\/wp\/v2\/product\/1194\/revisions\/1284"}],"wp:featuredmedia":[{"embeddable":true,"href":"https:\/\/gergelyfabian.com\/hu\/wp-json\/wp\/v2\/media\/1191"}],"wp:attachment":[{"href":"https:\/\/gergelyfabian.com\/hu\/wp-json\/wp\/v2\/media?parent=1194"}],"wp:term":[{"taxonomy":"product_brand","embeddable":true,"href":"https:\/\/gergelyfabian.com\/hu\/wp-json\/wp\/v2\/product_brand?post=1194"},{"taxonomy":"product_cat","embeddable":true,"href":"https:\/\/gergelyfabian.com\/hu\/wp-json\/wp\/v2\/product_cat?post=1194"},{"taxonomy":"product_tag","embeddable":true,"href":"https:\/\/gergelyfabian.com\/hu\/wp-json\/wp\/v2\/product_tag?post=1194"}],"curies":[{"name":"wp","href":"https:\/\/api.w.org\/{rel}","templated":true}]}}