{"id":1248,"date":"2025-11-30T13:05:00","date_gmt":"2025-11-30T13:05:00","guid":{"rendered":"https:\/\/gergelyfabian.com\/?post_type=product&#038;p=1248"},"modified":"2025-11-30T13:05:00","modified_gmt":"2025-11-30T13:05:00","slug":"radiant-winter-2","status":"publish","type":"product","link":"https:\/\/gergelyfabian.com\/hu\/termek\/radiant-winter-2\/","title":{"rendered":"Sug\u00e1rz\u00f3 t\u00e9l"},"content":{"rendered":"<p><strong>Sug\u00e1rz\u00f3 t\u00e9l<\/strong><\/p>\n<p><em>A felkel\u0151 nap nem \u00e1tt\u00f6ri, hanem finoman kibontja a csendet, \u00e9s a h\u00f3 felsz\u00edn\u00e9n elny\u00fal\u00f3 sz\u00ednek \u00fagy \u00e1ramlanak sz\u00e9t, mint a l\u00e9legzet egy lass\u00fa kil\u00e9gz\u00e9skor. A sug\u00e1rszer\u0171 ecsetvon\u00e1sok nem mozg\u00e1st, hanem a pillanat term\u00e9szetes kiterjed\u00e9s\u00e9t mutatj\u00e1k \u2014 a t\u00e9r t\u00e1gul\u00e1s\u00e1t, ahogyan a tudat elenged. A festm\u00e9ny arra eml\u00e9keztet, hogy a vil\u00e1g ragyog\u00e1sa nem k\u00edv\u00fclr\u0151l \u00e9rkezik: a cs\u00f6ndben v\u00e1lik l\u00e1that\u00f3v\u00e1.<\/em><\/p>\n<p>M\u0171v\u00e9szi gicl\u00e9e v\u00e1szonnyomat \u2013 2 m\u00e9retben el\u00e9rhet\u0151<\/p>","protected":false},"excerpt":{"rendered":"<p><em><span style=\"font-weight: 400;\">Ez a festm\u00e9ny a jelenl\u00e9t tisztas\u00e1g\u00e1ra h\u00edv \u2014 arra a t\u00e9rre, ahol a f\u00e9ny \u00e9s a csend ugyanabb\u00f3l a forr\u00e1sb\u00f3l sz\u00fcletik.<\/span><\/em><\/p>","protected":false},"featured_media":1239,"template":"","meta":[],"product_brand":[],"product_cat":[36],"product_tag":[],"class_list":{"0":"post-1248","1":"product","2":"type-product","3":"status-publish","4":"has-post-thumbnail","6":"product_cat-prints","7":"product_shipping_class-printing-normal-shipping","9":"first","10":"instock","11":"shipping-taxable","12":"purchasable","13":"product-type-variable"},"yoast_head":"<!-- This site is optimized with the Yoast SEO plugin v26.0 - https:\/\/yoast.com\/wordpress\/plugins\/seo\/ -->\n<title>Radiant Winter - Gergely Fabian Art<\/title>\n<meta name=\"robots\" content=\"index, follow, max-snippet:-1, max-image-preview:large, max-video-preview:-1\" \/>\n<link rel=\"canonical\" href=\"https:\/\/gergelyfabian.com\/hu\/termek\/radiant-winter-2\/\" \/>\n<meta property=\"og:locale\" content=\"hu_HU\" \/>\n<meta property=\"og:type\" content=\"article\" \/>\n<meta property=\"og:title\" content=\"Radiant Winter - Gergely Fabian Art\" \/>\n<meta property=\"og:description\" content=\"This painting invites you into the clarity of presence, into the space where light and quiet arise from the same source.\" \/>\n<meta property=\"og:url\" content=\"https:\/\/gergelyfabian.com\/hu\/termek\/radiant-winter-2\/\" \/>\n<meta property=\"og:site_name\" content=\"Gergely Fabian Art\" \/>\n<meta property=\"article:publisher\" content=\"https:\/\/www.facebook.com\/gergely.fabian.79\" \/>\n<meta property=\"og:image\" content=\"https:\/\/gergelyfabian.com\/wp-content\/uploads\/2025\/11\/IMG_9617a-scaled.jpg\" \/>\n\t<meta property=\"og:image:width\" content=\"2038\" \/>\n\t<meta property=\"og:image:height\" content=\"2560\" \/>\n\t<meta property=\"og:image:type\" content=\"image\/jpeg\" \/>\n<meta name=\"twitter:card\" content=\"summary_large_image\" \/>\n<meta name=\"twitter:label1\" content=\"Becs\u00fclt olvas\u00e1si id\u0151\" \/>\n\t<meta name=\"twitter:data1\" content=\"1 perc\" \/>\n<script type=\"application\/ld+json\" class=\"yoast-schema-graph\">{\"@context\":\"https:\/\/schema.org\",\"@graph\":[{\"@type\":\"WebPage\",\"@id\":\"https:\/\/gergelyfabian.com\/termek\/radiant-winter-2\/\",\"url\":\"https:\/\/gergelyfabian.com\/termek\/radiant-winter-2\/\",\"name\":\"Radiant Winter - Gergely Fabian Art\",\"isPartOf\":{\"@id\":\"https:\/\/gergelyfabian.com\/#website\"},\"primaryImageOfPage\":{\"@id\":\"https:\/\/gergelyfabian.com\/termek\/radiant-winter-2\/#primaryimage\"},\"image\":{\"@id\":\"https:\/\/gergelyfabian.com\/termek\/radiant-winter-2\/#primaryimage\"},\"thumbnailUrl\":\"https:\/\/gergelyfabian.com\/wp-content\/uploads\/2025\/11\/IMG_9617a-scaled.jpg\",\"datePublished\":\"2025-11-30T13:05:00+00:00\",\"breadcrumb\":{\"@id\":\"https:\/\/gergelyfabian.com\/termek\/radiant-winter-2\/#breadcrumb\"},\"inLanguage\":\"hu\",\"potentialAction\":[{\"@type\":\"ReadAction\",\"target\":[\"https:\/\/gergelyfabian.com\/termek\/radiant-winter-2\/\"]}]},{\"@type\":\"ImageObject\",\"inLanguage\":\"hu\",\"@id\":\"https:\/\/gergelyfabian.com\/termek\/radiant-winter-2\/#primaryimage\",\"url\":\"https:\/\/gergelyfabian.com\/wp-content\/uploads\/2025\/11\/IMG_9617a-scaled.jpg\",\"contentUrl\":\"https:\/\/gergelyfabian.com\/wp-content\/uploads\/2025\/11\/IMG_9617a-scaled.jpg\",\"width\":2038,\"height\":2560,\"caption\":\"Radiant Winter\"},{\"@type\":\"BreadcrumbList\",\"@id\":\"https:\/\/gergelyfabian.com\/termek\/radiant-winter-2\/#breadcrumb\",\"itemListElement\":[{\"@type\":\"ListItem\",\"position\":1,\"name\":\"Kezd\u0151lap\",\"item\":\"https:\/\/gergelyfabian.com\/\"},{\"@type\":\"ListItem\",\"position\":2,\"name\":\"Term\u00e9kek\",\"item\":\"https:\/\/gergelyfabian.com\/shop\/\"},{\"@type\":\"ListItem\",\"position\":3,\"name\":\"Radiant Winter\"}]},{\"@type\":\"WebSite\",\"@id\":\"https:\/\/gergelyfabian.com\/#website\",\"url\":\"https:\/\/gergelyfabian.com\/\",\"name\":\"Gergely Fabian Art\",\"description\":\"Own exclusive original paintings and limited fine art prints by UK-based artist Gergely Fabian. Collect unique artworks shipped worldwide\",\"publisher\":{\"@id\":\"https:\/\/gergelyfabian.com\/#\/schema\/person\/b3f23cbbed6a50d7ebd858c027460bd9\"},\"potentialAction\":[{\"@type\":\"SearchAction\",\"target\":{\"@type\":\"EntryPoint\",\"urlTemplate\":\"https:\/\/gergelyfabian.com\/?s={search_term_string}\"},\"query-input\":{\"@type\":\"PropertyValueSpecification\",\"valueRequired\":true,\"valueName\":\"search_term_string\"}}],\"inLanguage\":\"hu\"},{\"@type\":[\"Person\",\"Organization\"],\"@id\":\"https:\/\/gergelyfabian.com\/#\/schema\/person\/b3f23cbbed6a50d7ebd858c027460bd9\",\"name\":\"Gergely F\u00e1bi\u00e1n\",\"image\":{\"@type\":\"ImageObject\",\"inLanguage\":\"hu\",\"@id\":\"https:\/\/gergelyfabian.com\/#\/schema\/person\/image\/\",\"url\":\"https:\/\/gergelyfabian.com\/wp-content\/uploads\/2025\/06\/gergely_fabian_logo_black-1.png\",\"contentUrl\":\"https:\/\/gergelyfabian.com\/wp-content\/uploads\/2025\/06\/gergely_fabian_logo_black-1.png\",\"width\":399,\"height\":62,\"caption\":\"Gergely F\u00e1bi\u00e1n\"},\"logo\":{\"@id\":\"https:\/\/gergelyfabian.com\/#\/schema\/person\/image\/\"},\"description\":\"My paintings are born from this state \u2013 not from purpose, but from presence. And if, through them, you feel even a moment of that inner stillness, then what needed to happen has already happened.\",\"sameAs\":[\"https:\/\/gergelyfabian.com\",\"https:\/\/www.facebook.com\/gergely.fabian.79\"]}]}<\/script>\n<!-- \/ Yoast SEO plugin. -->","yoast_head_json":{"title":"Radiant Winter - Gergely Fabian Art","robots":{"index":"index","follow":"follow","max-snippet":"max-snippet:-1","max-image-preview":"max-image-preview:large","max-video-preview":"max-video-preview:-1"},"canonical":"https:\/\/gergelyfabian.com\/hu\/termek\/radiant-winter-2\/","og_locale":"hu_HU","og_type":"article","og_title":"Radiant Winter - Gergely Fabian Art","og_description":"This painting invites you into the clarity of presence, into the space where light and quiet arise from the same source.","og_url":"https:\/\/gergelyfabian.com\/hu\/termek\/radiant-winter-2\/","og_site_name":"Gergely Fabian Art","article_publisher":"https:\/\/www.facebook.com\/gergely.fabian.79","og_image":[{"width":2038,"height":2560,"url":"https:\/\/gergelyfabian.com\/wp-content\/uploads\/2025\/11\/IMG_9617a-scaled.jpg","type":"image\/jpeg"}],"twitter_card":"summary_large_image","twitter_misc":{"Becs\u00fclt olvas\u00e1si id\u0151":"1 perc"},"schema":{"@context":"https:\/\/schema.org","@graph":[{"@type":"WebPage","@id":"https:\/\/gergelyfabian.com\/termek\/radiant-winter-2\/","url":"https:\/\/gergelyfabian.com\/termek\/radiant-winter-2\/","name":"Radiant Winter - Gergely Fabian Art","isPartOf":{"@id":"https:\/\/gergelyfabian.com\/#website"},"primaryImageOfPage":{"@id":"https:\/\/gergelyfabian.com\/termek\/radiant-winter-2\/#primaryimage"},"image":{"@id":"https:\/\/gergelyfabian.com\/termek\/radiant-winter-2\/#primaryimage"},"thumbnailUrl":"https:\/\/gergelyfabian.com\/wp-content\/uploads\/2025\/11\/IMG_9617a-scaled.jpg","datePublished":"2025-11-30T13:05:00+00:00","breadcrumb":{"@id":"https:\/\/gergelyfabian.com\/termek\/radiant-winter-2\/#breadcrumb"},"inLanguage":"hu","potentialAction":[{"@type":"ReadAction","target":["https:\/\/gergelyfabian.com\/termek\/radiant-winter-2\/"]}]},{"@type":"ImageObject","inLanguage":"hu","@id":"https:\/\/gergelyfabian.com\/termek\/radiant-winter-2\/#primaryimage","url":"https:\/\/gergelyfabian.com\/wp-content\/uploads\/2025\/11\/IMG_9617a-scaled.jpg","contentUrl":"https:\/\/gergelyfabian.com\/wp-content\/uploads\/2025\/11\/IMG_9617a-scaled.jpg","width":2038,"height":2560,"caption":"Radiant Winter"},{"@type":"BreadcrumbList","@id":"https:\/\/gergelyfabian.com\/termek\/radiant-winter-2\/#breadcrumb","itemListElement":[{"@type":"ListItem","position":1,"name":"Kezd\u0151lap","item":"https:\/\/gergelyfabian.com\/"},{"@type":"ListItem","position":2,"name":"Term\u00e9kek","item":"https:\/\/gergelyfabian.com\/shop\/"},{"@type":"ListItem","position":3,"name":"Radiant Winter"}]},{"@type":"WebSite","@id":"https:\/\/gergelyfabian.com\/#website","url":"https:\/\/gergelyfabian.com\/","name":"Gergely Fabian Art","description":"Own exclusive original paintings and limited fine art prints by UK-based artist Gergely Fabian. Collect unique artworks shipped worldwide","publisher":{"@id":"https:\/\/gergelyfabian.com\/#\/schema\/person\/b3f23cbbed6a50d7ebd858c027460bd9"},"potentialAction":[{"@type":"SearchAction","target":{"@type":"EntryPoint","urlTemplate":"https:\/\/gergelyfabian.com\/?s={search_term_string}"},"query-input":{"@type":"PropertyValueSpecification","valueRequired":true,"valueName":"search_term_string"}}],"inLanguage":"hu"},{"@type":["Person","Organization"],"@id":"https:\/\/gergelyfabian.com\/#\/schema\/person\/b3f23cbbed6a50d7ebd858c027460bd9","name":"Gergely F\u00e1bi\u00e1n","image":{"@type":"ImageObject","inLanguage":"hu","@id":"https:\/\/gergelyfabian.com\/#\/schema\/person\/image\/","url":"https:\/\/gergelyfabian.com\/wp-content\/uploads\/2025\/06\/gergely_fabian_logo_black-1.png","contentUrl":"https:\/\/gergelyfabian.com\/wp-content\/uploads\/2025\/06\/gergely_fabian_logo_black-1.png","width":399,"height":62,"caption":"Gergely F\u00e1bi\u00e1n"},"logo":{"@id":"https:\/\/gergelyfabian.com\/#\/schema\/person\/image\/"},"description":"A k\u00e9peim ilyen \u00e1llapotb\u00f3l sz\u00fcletnek \u2013 nem c\u00e9lb\u00f3l, hanem jelenl\u00e9tb\u0151l. \u00c9s ha n\u00e9z\u00e9s\u00fck k\u00f6zben te is meg\u00e9rzed ezt a k\u00f6nnyeds\u00e9get, akkor m\u00e1r megt\u00f6rt\u00e9nt, aminek t\u00f6rt\u00e9nnie kellett.","sameAs":["https:\/\/gergelyfabian.com","https:\/\/www.facebook.com\/gergely.fabian.79"]}]}},"jetpack_sharing_enabled":true,"_links":{"self":[{"href":"https:\/\/gergelyfabian.com\/hu\/wp-json\/wp\/v2\/product\/1248","targetHints":{"allow":["GET"]}}],"collection":[{"href":"https:\/\/gergelyfabian.com\/hu\/wp-json\/wp\/v2\/product"}],"about":[{"href":"https:\/\/gergelyfabian.com\/hu\/wp-json\/wp\/v2\/types\/product"}],"version-history":[{"count":1,"href":"https:\/\/gergelyfabian.com\/hu\/wp-json\/wp\/v2\/product\/1248\/revisions"}],"predecessor-version":[{"id":1253,"href":"https:\/\/gergelyfabian.com\/hu\/wp-json\/wp\/v2\/product\/1248\/revisions\/1253"}],"wp:featuredmedia":[{"embeddable":true,"href":"https:\/\/gergelyfabian.com\/hu\/wp-json\/wp\/v2\/media\/1239"}],"wp:attachment":[{"href":"https:\/\/gergelyfabian.com\/hu\/wp-json\/wp\/v2\/media?parent=1248"}],"wp:term":[{"taxonomy":"product_brand","embeddable":true,"href":"https:\/\/gergelyfabian.com\/hu\/wp-json\/wp\/v2\/product_brand?post=1248"},{"taxonomy":"product_cat","embeddable":true,"href":"https:\/\/gergelyfabian.com\/hu\/wp-json\/wp\/v2\/product_cat?post=1248"},{"taxonomy":"product_tag","embeddable":true,"href":"https:\/\/gergelyfabian.com\/hu\/wp-json\/wp\/v2\/product_tag?post=1248"}],"curies":[{"name":"wp","href":"https:\/\/api.w.org\/{rel}","templated":true}]}}