{"id":1345,"date":"2026-02-01T17:20:13","date_gmt":"2026-02-01T17:20:13","guid":{"rendered":"https:\/\/gergelyfabian.com\/?post_type=product&#038;p=1345"},"modified":"2026-02-01T17:20:13","modified_gmt":"2026-02-01T17:20:13","slug":"at-once-2","status":"publish","type":"product","link":"https:\/\/gergelyfabian.com\/hu\/termek\/at-once-2\/","title":{"rendered":"Egyszerre"},"content":{"rendered":"<p><strong>Egyszerre<\/strong><\/p>\n<p><em>Ez a festm\u00e9ny az egym\u00e1s mellett jelen l\u00e9v\u0151 bels\u0151 \u00e1llapotokat \u00e9s az id\u0151 r\u00e9tegeit ragadja meg. A m\u00falt, a jelen \u00e9s a j\u00f6v\u0151 nem egym\u00e1st k\u00f6vet\u0151 elemekk\u00e9nt jelennek meg, hanem egym\u00e1sba fon\u00f3d\u00f3, egy\u00fctt l\u00e9tez\u0151 r\u00e9tegk\u00e9nt egy id\u0151tlen bels\u0151 tapasztalaton bel\u00fcl.<\/em><\/p>\n<p><em>A kompoz\u00edci\u00f3 csendes fesz\u00fclts\u00e9get sugall mozg\u00e1s \u00e9s mozdulatlans\u00e1g k\u00f6z\u00f6tt, ahol a form\u00e1k vil\u00e1gos hierarchia n\u00e9lk\u00fcl jelennek meg \u00e9s old\u00f3dnak fel. A festm\u00e9ny nem egy konkr\u00e9t helyet vagy pillanatot \u00e1br\u00e1zol, hanem egy felf\u00fcggesztett \u00e1llapotba h\u00edvja a n\u00e9z\u0151t \u2014 olyan t\u00e9rbe, ahol az \u00e9szlel\u00e9s elmozdul, \u00e9s t\u00f6bb val\u00f3s\u00e1g egyszerre van jelen.<\/em><\/p>\n<p><em>Az \u201eEgyszerre\u201d azt vizsg\u00e1lja, mik\u00e9nt fedik \u00e1t egym\u00e1st az eml\u00e9kezet, az \u00e9rz\u00e9kel\u00e9s \u00e9s az el\u0151retekint\u00e9s, l\u00e9trehozva egy olyan teret, amely egyszerre ismer\u0151s \u00e9s nyugtalan\u00edt\u00f3, nyitott az egy\u00e9ni \u00e9rtelmez\u00e9sre.<\/em><\/p>\n<p>M\u0171v\u00e9szi gicl\u00e9e v\u00e1szonnyomat \u2013 4 m\u00e9retben el\u00e9rhet\u0151<\/p>","protected":false},"excerpt":{"rendered":"<p><em>A bels\u0151 \u00e1llapotok \u00e9s id\u0151r\u00e9tegek egyidej\u0171 jelenl\u00e9te.<\/em><\/p>","protected":false},"featured_media":1344,"template":"","meta":[],"product_brand":[],"product_cat":[36],"product_tag":[],"class_list":{"0":"post-1345","1":"product","2":"type-product","3":"status-publish","4":"has-post-thumbnail","6":"product_cat-prints","7":"product_shipping_class-printing-normal-shipping","9":"first","10":"instock","11":"shipping-taxable","12":"purchasable","13":"product-type-variable"},"yoast_head":"<!-- This site is optimized with the Yoast SEO plugin v26.0 - https:\/\/yoast.com\/wordpress\/plugins\/seo\/ -->\n<title>At Once - Gergely Fabian Art<\/title>\n<meta name=\"description\" content=\"At Once is an abstract contemporary painting exploring layered time, inner states, and balance, inviting contemplation through subtle movement and stillness\" \/>\n<meta name=\"robots\" content=\"index, follow, max-snippet:-1, max-image-preview:large, max-video-preview:-1\" \/>\n<link rel=\"canonical\" href=\"https:\/\/gergelyfabian.com\/hu\/termek\/at-once-2\/\" \/>\n<meta property=\"og:locale\" content=\"hu_HU\" \/>\n<meta property=\"og:type\" content=\"article\" \/>\n<meta property=\"og:title\" content=\"At Once - Gergely Fabian Art\" \/>\n<meta property=\"og:description\" content=\"At Once is an abstract contemporary painting exploring layered time, inner states, and balance, inviting contemplation through subtle movement and stillness\" \/>\n<meta property=\"og:url\" content=\"https:\/\/gergelyfabian.com\/hu\/termek\/at-once-2\/\" \/>\n<meta property=\"og:site_name\" content=\"Gergely Fabian Art\" \/>\n<meta property=\"article:publisher\" content=\"https:\/\/www.facebook.com\/gergely.fabian.79\" \/>\n<meta property=\"og:image\" content=\"https:\/\/gergelyfabian.com\/wp-content\/uploads\/2026\/02\/IMG_9821b-scaled.jpg\" \/>\n\t<meta property=\"og:image:width\" content=\"1695\" \/>\n\t<meta property=\"og:image:height\" content=\"2560\" \/>\n\t<meta property=\"og:image:type\" content=\"image\/jpeg\" \/>\n<meta name=\"twitter:card\" content=\"summary_large_image\" \/>\n<meta name=\"twitter:label1\" content=\"Becs\u00fclt olvas\u00e1si id\u0151\" \/>\n\t<meta name=\"twitter:data1\" content=\"1 perc\" \/>\n<script type=\"application\/ld+json\" class=\"yoast-schema-graph\">{\"@context\":\"https:\/\/schema.org\",\"@graph\":[{\"@type\":\"WebPage\",\"@id\":\"https:\/\/gergelyfabian.com\/termek\/at-once-2\/\",\"url\":\"https:\/\/gergelyfabian.com\/termek\/at-once-2\/\",\"name\":\"At Once - Gergely Fabian Art\",\"isPartOf\":{\"@id\":\"https:\/\/gergelyfabian.com\/#website\"},\"primaryImageOfPage\":{\"@id\":\"https:\/\/gergelyfabian.com\/termek\/at-once-2\/#primaryimage\"},\"image\":{\"@id\":\"https:\/\/gergelyfabian.com\/termek\/at-once-2\/#primaryimage\"},\"thumbnailUrl\":\"https:\/\/gergelyfabian.com\/wp-content\/uploads\/2026\/02\/IMG_9821b-scaled.jpg\",\"datePublished\":\"2026-02-01T17:20:13+00:00\",\"description\":\"At Once is an abstract contemporary painting exploring layered time, inner states, and balance, inviting contemplation through subtle movement and stillness\",\"breadcrumb\":{\"@id\":\"https:\/\/gergelyfabian.com\/termek\/at-once-2\/#breadcrumb\"},\"inLanguage\":\"hu\",\"potentialAction\":[{\"@type\":\"ReadAction\",\"target\":[\"https:\/\/gergelyfabian.com\/termek\/at-once-2\/\"]}]},{\"@type\":\"ImageObject\",\"inLanguage\":\"hu\",\"@id\":\"https:\/\/gergelyfabian.com\/termek\/at-once-2\/#primaryimage\",\"url\":\"https:\/\/gergelyfabian.com\/wp-content\/uploads\/2026\/02\/IMG_9821b-scaled.jpg\",\"contentUrl\":\"https:\/\/gergelyfabian.com\/wp-content\/uploads\/2026\/02\/IMG_9821b-scaled.jpg\",\"width\":1695,\"height\":2560,\"caption\":\"at once painting\"},{\"@type\":\"BreadcrumbList\",\"@id\":\"https:\/\/gergelyfabian.com\/termek\/at-once-2\/#breadcrumb\",\"itemListElement\":[{\"@type\":\"ListItem\",\"position\":1,\"name\":\"Kezd\u0151lap\",\"item\":\"https:\/\/gergelyfabian.com\/\"},{\"@type\":\"ListItem\",\"position\":2,\"name\":\"Term\u00e9kek\",\"item\":\"https:\/\/gergelyfabian.com\/shop\/\"},{\"@type\":\"ListItem\",\"position\":3,\"name\":\"At Once\"}]},{\"@type\":\"WebSite\",\"@id\":\"https:\/\/gergelyfabian.com\/#website\",\"url\":\"https:\/\/gergelyfabian.com\/\",\"name\":\"Gergely Fabian Art\",\"description\":\"Own exclusive original paintings and limited fine art prints by UK-based artist Gergely Fabian. Collect unique artworks shipped worldwide\",\"publisher\":{\"@id\":\"https:\/\/gergelyfabian.com\/#\/schema\/person\/b3f23cbbed6a50d7ebd858c027460bd9\"},\"potentialAction\":[{\"@type\":\"SearchAction\",\"target\":{\"@type\":\"EntryPoint\",\"urlTemplate\":\"https:\/\/gergelyfabian.com\/?s={search_term_string}\"},\"query-input\":{\"@type\":\"PropertyValueSpecification\",\"valueRequired\":true,\"valueName\":\"search_term_string\"}}],\"inLanguage\":\"hu\"},{\"@type\":[\"Person\",\"Organization\"],\"@id\":\"https:\/\/gergelyfabian.com\/#\/schema\/person\/b3f23cbbed6a50d7ebd858c027460bd9\",\"name\":\"Gergely F\u00e1bi\u00e1n\",\"image\":{\"@type\":\"ImageObject\",\"inLanguage\":\"hu\",\"@id\":\"https:\/\/gergelyfabian.com\/#\/schema\/person\/image\/\",\"url\":\"https:\/\/gergelyfabian.com\/wp-content\/uploads\/2025\/06\/gergely_fabian_logo_black-1.png\",\"contentUrl\":\"https:\/\/gergelyfabian.com\/wp-content\/uploads\/2025\/06\/gergely_fabian_logo_black-1.png\",\"width\":399,\"height\":62,\"caption\":\"Gergely F\u00e1bi\u00e1n\"},\"logo\":{\"@id\":\"https:\/\/gergelyfabian.com\/#\/schema\/person\/image\/\"},\"description\":\"My paintings are born from this state \u2013 not from purpose, but from presence. And if, through them, you feel even a moment of that inner stillness, then what needed to happen has already happened.\",\"sameAs\":[\"https:\/\/gergelyfabian.com\",\"https:\/\/www.facebook.com\/gergely.fabian.79\"]}]}<\/script>\n<!-- \/ Yoast SEO plugin. -->","yoast_head_json":{"title":"At Once - Gergely Fabian Art","description":"At Once is an abstract contemporary painting exploring layered time, inner states, and balance, inviting contemplation through subtle movement and stillness","robots":{"index":"index","follow":"follow","max-snippet":"max-snippet:-1","max-image-preview":"max-image-preview:large","max-video-preview":"max-video-preview:-1"},"canonical":"https:\/\/gergelyfabian.com\/hu\/termek\/at-once-2\/","og_locale":"hu_HU","og_type":"article","og_title":"At Once - Gergely Fabian Art","og_description":"At Once is an abstract contemporary painting exploring layered time, inner states, and balance, inviting contemplation through subtle movement and stillness","og_url":"https:\/\/gergelyfabian.com\/hu\/termek\/at-once-2\/","og_site_name":"Gergely Fabian Art","article_publisher":"https:\/\/www.facebook.com\/gergely.fabian.79","og_image":[{"width":1695,"height":2560,"url":"https:\/\/gergelyfabian.com\/wp-content\/uploads\/2026\/02\/IMG_9821b-scaled.jpg","type":"image\/jpeg"}],"twitter_card":"summary_large_image","twitter_misc":{"Becs\u00fclt olvas\u00e1si id\u0151":"1 perc"},"schema":{"@context":"https:\/\/schema.org","@graph":[{"@type":"WebPage","@id":"https:\/\/gergelyfabian.com\/termek\/at-once-2\/","url":"https:\/\/gergelyfabian.com\/termek\/at-once-2\/","name":"At Once - Gergely Fabian Art","isPartOf":{"@id":"https:\/\/gergelyfabian.com\/#website"},"primaryImageOfPage":{"@id":"https:\/\/gergelyfabian.com\/termek\/at-once-2\/#primaryimage"},"image":{"@id":"https:\/\/gergelyfabian.com\/termek\/at-once-2\/#primaryimage"},"thumbnailUrl":"https:\/\/gergelyfabian.com\/wp-content\/uploads\/2026\/02\/IMG_9821b-scaled.jpg","datePublished":"2026-02-01T17:20:13+00:00","description":"At Once is an abstract contemporary painting exploring layered time, inner states, and balance, inviting contemplation through subtle movement and stillness","breadcrumb":{"@id":"https:\/\/gergelyfabian.com\/termek\/at-once-2\/#breadcrumb"},"inLanguage":"hu","potentialAction":[{"@type":"ReadAction","target":["https:\/\/gergelyfabian.com\/termek\/at-once-2\/"]}]},{"@type":"ImageObject","inLanguage":"hu","@id":"https:\/\/gergelyfabian.com\/termek\/at-once-2\/#primaryimage","url":"https:\/\/gergelyfabian.com\/wp-content\/uploads\/2026\/02\/IMG_9821b-scaled.jpg","contentUrl":"https:\/\/gergelyfabian.com\/wp-content\/uploads\/2026\/02\/IMG_9821b-scaled.jpg","width":1695,"height":2560,"caption":"at once painting"},{"@type":"BreadcrumbList","@id":"https:\/\/gergelyfabian.com\/termek\/at-once-2\/#breadcrumb","itemListElement":[{"@type":"ListItem","position":1,"name":"Kezd\u0151lap","item":"https:\/\/gergelyfabian.com\/"},{"@type":"ListItem","position":2,"name":"Term\u00e9kek","item":"https:\/\/gergelyfabian.com\/shop\/"},{"@type":"ListItem","position":3,"name":"At Once"}]},{"@type":"WebSite","@id":"https:\/\/gergelyfabian.com\/#website","url":"https:\/\/gergelyfabian.com\/","name":"Gergely Fabian Art","description":"Own exclusive original paintings and limited fine art prints by UK-based artist Gergely Fabian. Collect unique artworks shipped worldwide","publisher":{"@id":"https:\/\/gergelyfabian.com\/#\/schema\/person\/b3f23cbbed6a50d7ebd858c027460bd9"},"potentialAction":[{"@type":"SearchAction","target":{"@type":"EntryPoint","urlTemplate":"https:\/\/gergelyfabian.com\/?s={search_term_string}"},"query-input":{"@type":"PropertyValueSpecification","valueRequired":true,"valueName":"search_term_string"}}],"inLanguage":"hu"},{"@type":["Person","Organization"],"@id":"https:\/\/gergelyfabian.com\/#\/schema\/person\/b3f23cbbed6a50d7ebd858c027460bd9","name":"Gergely F\u00e1bi\u00e1n","image":{"@type":"ImageObject","inLanguage":"hu","@id":"https:\/\/gergelyfabian.com\/#\/schema\/person\/image\/","url":"https:\/\/gergelyfabian.com\/wp-content\/uploads\/2025\/06\/gergely_fabian_logo_black-1.png","contentUrl":"https:\/\/gergelyfabian.com\/wp-content\/uploads\/2025\/06\/gergely_fabian_logo_black-1.png","width":399,"height":62,"caption":"Gergely F\u00e1bi\u00e1n"},"logo":{"@id":"https:\/\/gergelyfabian.com\/#\/schema\/person\/image\/"},"description":"A k\u00e9peim ilyen \u00e1llapotb\u00f3l sz\u00fcletnek \u2013 nem c\u00e9lb\u00f3l, hanem jelenl\u00e9tb\u0151l. \u00c9s ha n\u00e9z\u00e9s\u00fck k\u00f6zben te is meg\u00e9rzed ezt a k\u00f6nnyeds\u00e9get, akkor m\u00e1r megt\u00f6rt\u00e9nt, aminek t\u00f6rt\u00e9nnie kellett.","sameAs":["https:\/\/gergelyfabian.com","https:\/\/www.facebook.com\/gergely.fabian.79"]}]}},"jetpack_sharing_enabled":true,"_links":{"self":[{"href":"https:\/\/gergelyfabian.com\/hu\/wp-json\/wp\/v2\/product\/1345","targetHints":{"allow":["GET"]}}],"collection":[{"href":"https:\/\/gergelyfabian.com\/hu\/wp-json\/wp\/v2\/product"}],"about":[{"href":"https:\/\/gergelyfabian.com\/hu\/wp-json\/wp\/v2\/types\/product"}],"version-history":[{"count":1,"href":"https:\/\/gergelyfabian.com\/hu\/wp-json\/wp\/v2\/product\/1345\/revisions"}],"predecessor-version":[{"id":1350,"href":"https:\/\/gergelyfabian.com\/hu\/wp-json\/wp\/v2\/product\/1345\/revisions\/1350"}],"wp:featuredmedia":[{"embeddable":true,"href":"https:\/\/gergelyfabian.com\/hu\/wp-json\/wp\/v2\/media\/1344"}],"wp:attachment":[{"href":"https:\/\/gergelyfabian.com\/hu\/wp-json\/wp\/v2\/media?parent=1345"}],"wp:term":[{"taxonomy":"product_brand","embeddable":true,"href":"https:\/\/gergelyfabian.com\/hu\/wp-json\/wp\/v2\/product_brand?post=1345"},{"taxonomy":"product_cat","embeddable":true,"href":"https:\/\/gergelyfabian.com\/hu\/wp-json\/wp\/v2\/product_cat?post=1345"},{"taxonomy":"product_tag","embeddable":true,"href":"https:\/\/gergelyfabian.com\/hu\/wp-json\/wp\/v2\/product_tag?post=1345"}],"curies":[{"name":"wp","href":"https:\/\/api.w.org\/{rel}","templated":true}]}}