{"id":965,"date":"2025-09-15T15:08:53","date_gmt":"2025-09-15T14:08:53","guid":{"rendered":"https:\/\/gergelyfabian.com\/?post_type=product&#038;p=965"},"modified":"2026-02-01T15:46:10","modified_gmt":"2026-02-01T15:46:10","slug":"beyond-the-window-painting","status":"publish","type":"product","link":"https:\/\/gergelyfabian.com\/hu\/termek\/beyond-the-window-painting\/","title":{"rendered":"Ablakon t\u00fal"},"content":{"rendered":"<p><strong>Ablakon t\u00fal<\/strong><\/p>\n<p><em><span style=\"font-weight: 400;\">Ez a festm\u00e9ny azt a pillanatot mutatja, amikor r\u00e1d\u00f6bben\u00fcnk, hogy b\u00e1r a vil\u00e1gunk k\u00e9nyelmesnek \u00e9s biztons\u00e1gosnak t\u0171nt, val\u00f3j\u00e1ban m\u00e1r r\u00e9gen elkezdett megkopni. A falak repedeznek, a f\u00fcgg\u00f6ny koszos, a karnis t\u00f6r\u00f6tt \u2013 m\u00e9gis ragaszkodunk hozz\u00e1, mert f\u00e9lelmetes kil\u00e9pni a megszokottb\u00f3l. Pedig odakint ott van az a sok \u00faj lehet\u0151s\u00e9g \u00e9s \u00e9lm\u00e9ny, ami val\u00f3j\u00e1ban \u00e9letre kelthet minket.<\/span><\/em><\/p>\n<p><span style=\"font-weight: 400;\">Eredeti akril festm\u00e9ny v\u00e1sznon<\/span><\/p>\n<p><span style=\"font-weight: 400;\">M\u00e9ret: 60 \u00d7 80 x 4 cm<\/span><\/p>\n<p>\u00c9v: 2025<\/p>\n<p><span style=\"font-weight: 400;\">Technika: Akril<\/span><\/p>\n<p>Hordoz\u00f3: Fesz\u00edtett pamutv\u00e1szon<\/p>\n<p>Lakkoz\u00e1s: Magasf\u00e9ny\u0171 v\u00e9d\u0151lakk<\/p>\n<p>Oldalak: Festettek, keret n\u00e9lk\u00fcl is falra tehet\u0151<\/p>\n<p>Felf\u00fcggeszt\u00e9sre k\u00e9sz: Igen<\/p>\n<p>Al\u00e1\u00edr\u00e1s: H\u00e1toldalon szign\u00f3zva<\/p>","protected":false},"excerpt":{"rendered":"<p><em><span style=\"font-weight: 400;\">A megszokott vil\u00e1gunk lassan kopik, de a v\u00e1ltoz\u00e1sban rejlenek az \u00faj lehet\u0151s\u00e9gek, melyek fel\u00e9 b\u00e1tran kell l\u00e9pn\u00fcnk, hogy megtal\u00e1ljuk az \u00e9let val\u00f3di frissess\u00e9g\u00e9t.<\/span><\/em><\/p>","protected":false},"featured_media":964,"template":"","meta":[],"product_brand":[],"product_cat":[32],"product_tag":[],"class_list":{"0":"post-965","1":"product","2":"type-product","3":"status-publish","4":"has-post-thumbnail","6":"product_cat-artworks","7":"product_shipping_class-art-work-sent-by-parcel-service","9":"first","10":"instock","11":"shipping-taxable","12":"purchasable","13":"product-type-simple"},"yoast_head":"<!-- This site is optimized with the Yoast SEO plugin v26.0 - https:\/\/yoast.com\/wordpress\/plugins\/seo\/ -->\n<title>Beyond the Window - Gergely Fabian Art<\/title>\n<meta name=\"description\" content=\"&quot;Beyond the Window&quot; is an original acrylic painting by Gergely Fabian, on stretched cotton canvas with gloss protective varnish. Ready to hang.\" \/>\n<meta name=\"robots\" content=\"index, follow, max-snippet:-1, max-image-preview:large, max-video-preview:-1\" \/>\n<link rel=\"canonical\" href=\"https:\/\/gergelyfabian.com\/hu\/termek\/beyond-the-window-painting\/\" \/>\n<meta property=\"og:locale\" content=\"hu_HU\" \/>\n<meta property=\"og:type\" content=\"article\" \/>\n<meta property=\"og:title\" content=\"Beyond the Window - Gergely Fabian Art\" \/>\n<meta property=\"og:description\" content=\"&quot;Beyond the Window&quot; is an original acrylic painting by Gergely Fabian, on stretched cotton canvas with gloss protective varnish. Ready to hang.\" \/>\n<meta property=\"og:url\" content=\"https:\/\/gergelyfabian.com\/hu\/termek\/beyond-the-window-painting\/\" \/>\n<meta property=\"og:site_name\" content=\"Gergely Fabian Art\" \/>\n<meta property=\"article:publisher\" content=\"https:\/\/www.facebook.com\/gergely.fabian.79\" \/>\n<meta property=\"article:modified_time\" content=\"2026-02-01T15:46:10+00:00\" \/>\n<meta property=\"og:image\" content=\"https:\/\/gergelyfabian.com\/wp-content\/uploads\/2025\/09\/IMG_9224-scaled.jpg\" \/>\n\t<meta property=\"og:image:width\" content=\"1911\" \/>\n\t<meta property=\"og:image:height\" content=\"2560\" \/>\n\t<meta property=\"og:image:type\" content=\"image\/jpeg\" \/>\n<meta name=\"twitter:card\" content=\"summary_large_image\" \/>\n<meta name=\"twitter:label1\" content=\"Becs\u00fclt olvas\u00e1si id\u0151\" \/>\n\t<meta name=\"twitter:data1\" content=\"1 perc\" \/>\n<script type=\"application\/ld+json\" class=\"yoast-schema-graph\">{\"@context\":\"https:\/\/schema.org\",\"@graph\":[{\"@type\":\"WebPage\",\"@id\":\"https:\/\/gergelyfabian.com\/termek\/beyond-the-window-painting\/\",\"url\":\"https:\/\/gergelyfabian.com\/termek\/beyond-the-window-painting\/\",\"name\":\"Beyond the Window - Gergely Fabian Art\",\"isPartOf\":{\"@id\":\"https:\/\/gergelyfabian.com\/#website\"},\"primaryImageOfPage\":{\"@id\":\"https:\/\/gergelyfabian.com\/termek\/beyond-the-window-painting\/#primaryimage\"},\"image\":{\"@id\":\"https:\/\/gergelyfabian.com\/termek\/beyond-the-window-painting\/#primaryimage\"},\"thumbnailUrl\":\"https:\/\/gergelyfabian.com\/wp-content\/uploads\/2025\/09\/IMG_9224-scaled.jpg\",\"datePublished\":\"2025-09-15T14:08:53+00:00\",\"dateModified\":\"2026-02-01T15:46:10+00:00\",\"description\":\"\\\"Beyond the Window\\\" is an original acrylic painting by Gergely Fabian, on stretched cotton canvas with gloss protective varnish. Ready to hang.\",\"breadcrumb\":{\"@id\":\"https:\/\/gergelyfabian.com\/termek\/beyond-the-window-painting\/#breadcrumb\"},\"inLanguage\":\"hu\",\"potentialAction\":[{\"@type\":\"ReadAction\",\"target\":[\"https:\/\/gergelyfabian.com\/termek\/beyond-the-window-painting\/\"]}]},{\"@type\":\"ImageObject\",\"inLanguage\":\"hu\",\"@id\":\"https:\/\/gergelyfabian.com\/termek\/beyond-the-window-painting\/#primaryimage\",\"url\":\"https:\/\/gergelyfabian.com\/wp-content\/uploads\/2025\/09\/IMG_9224-scaled.jpg\",\"contentUrl\":\"https:\/\/gergelyfabian.com\/wp-content\/uploads\/2025\/09\/IMG_9224-scaled.jpg\",\"width\":1911,\"height\":2560,\"caption\":\"Beyond the Window\"},{\"@type\":\"BreadcrumbList\",\"@id\":\"https:\/\/gergelyfabian.com\/termek\/beyond-the-window-painting\/#breadcrumb\",\"itemListElement\":[{\"@type\":\"ListItem\",\"position\":1,\"name\":\"Kezd\u0151lap\",\"item\":\"https:\/\/gergelyfabian.com\/\"},{\"@type\":\"ListItem\",\"position\":2,\"name\":\"Term\u00e9kek\",\"item\":\"https:\/\/gergelyfabian.com\/shop\/\"},{\"@type\":\"ListItem\",\"position\":3,\"name\":\"Beyond the Window\"}]},{\"@type\":\"WebSite\",\"@id\":\"https:\/\/gergelyfabian.com\/#website\",\"url\":\"https:\/\/gergelyfabian.com\/\",\"name\":\"Gergely Fabian Art\",\"description\":\"Own exclusive original paintings and limited fine art prints by UK-based artist Gergely Fabian. Collect unique artworks shipped worldwide\",\"publisher\":{\"@id\":\"https:\/\/gergelyfabian.com\/#\/schema\/person\/b3f23cbbed6a50d7ebd858c027460bd9\"},\"potentialAction\":[{\"@type\":\"SearchAction\",\"target\":{\"@type\":\"EntryPoint\",\"urlTemplate\":\"https:\/\/gergelyfabian.com\/?s={search_term_string}\"},\"query-input\":{\"@type\":\"PropertyValueSpecification\",\"valueRequired\":true,\"valueName\":\"search_term_string\"}}],\"inLanguage\":\"hu\"},{\"@type\":[\"Person\",\"Organization\"],\"@id\":\"https:\/\/gergelyfabian.com\/#\/schema\/person\/b3f23cbbed6a50d7ebd858c027460bd9\",\"name\":\"Gergely F\u00e1bi\u00e1n\",\"image\":{\"@type\":\"ImageObject\",\"inLanguage\":\"hu\",\"@id\":\"https:\/\/gergelyfabian.com\/#\/schema\/person\/image\/\",\"url\":\"https:\/\/gergelyfabian.com\/wp-content\/uploads\/2025\/06\/gergely_fabian_logo_black-1.png\",\"contentUrl\":\"https:\/\/gergelyfabian.com\/wp-content\/uploads\/2025\/06\/gergely_fabian_logo_black-1.png\",\"width\":399,\"height\":62,\"caption\":\"Gergely F\u00e1bi\u00e1n\"},\"logo\":{\"@id\":\"https:\/\/gergelyfabian.com\/#\/schema\/person\/image\/\"},\"description\":\"My paintings are born from this state \u2013 not from purpose, but from presence. And if, through them, you feel even a moment of that inner stillness, then what needed to happen has already happened.\",\"sameAs\":[\"https:\/\/gergelyfabian.com\",\"https:\/\/www.facebook.com\/gergely.fabian.79\"]}]}<\/script>\n<!-- \/ Yoast SEO plugin. -->","yoast_head_json":{"title":"Beyond the Window - Gergely Fabian Art","description":"\"Beyond the Window\" is an original acrylic painting by Gergely Fabian, on stretched cotton canvas with gloss protective varnish. Ready to hang.","robots":{"index":"index","follow":"follow","max-snippet":"max-snippet:-1","max-image-preview":"max-image-preview:large","max-video-preview":"max-video-preview:-1"},"canonical":"https:\/\/gergelyfabian.com\/hu\/termek\/beyond-the-window-painting\/","og_locale":"hu_HU","og_type":"article","og_title":"Beyond the Window - Gergely Fabian Art","og_description":"\"Beyond the Window\" is an original acrylic painting by Gergely Fabian, on stretched cotton canvas with gloss protective varnish. Ready to hang.","og_url":"https:\/\/gergelyfabian.com\/hu\/termek\/beyond-the-window-painting\/","og_site_name":"Gergely Fabian Art","article_publisher":"https:\/\/www.facebook.com\/gergely.fabian.79","article_modified_time":"2026-02-01T15:46:10+00:00","og_image":[{"width":1911,"height":2560,"url":"https:\/\/gergelyfabian.com\/wp-content\/uploads\/2025\/09\/IMG_9224-scaled.jpg","type":"image\/jpeg"}],"twitter_card":"summary_large_image","twitter_misc":{"Becs\u00fclt olvas\u00e1si id\u0151":"1 perc"},"schema":{"@context":"https:\/\/schema.org","@graph":[{"@type":"WebPage","@id":"https:\/\/gergelyfabian.com\/termek\/beyond-the-window-painting\/","url":"https:\/\/gergelyfabian.com\/termek\/beyond-the-window-painting\/","name":"Beyond the Window - Gergely Fabian Art","isPartOf":{"@id":"https:\/\/gergelyfabian.com\/#website"},"primaryImageOfPage":{"@id":"https:\/\/gergelyfabian.com\/termek\/beyond-the-window-painting\/#primaryimage"},"image":{"@id":"https:\/\/gergelyfabian.com\/termek\/beyond-the-window-painting\/#primaryimage"},"thumbnailUrl":"https:\/\/gergelyfabian.com\/wp-content\/uploads\/2025\/09\/IMG_9224-scaled.jpg","datePublished":"2025-09-15T14:08:53+00:00","dateModified":"2026-02-01T15:46:10+00:00","description":"\"Beyond the Window\" is an original acrylic painting by Gergely Fabian, on stretched cotton canvas with gloss protective varnish. Ready to hang.","breadcrumb":{"@id":"https:\/\/gergelyfabian.com\/termek\/beyond-the-window-painting\/#breadcrumb"},"inLanguage":"hu","potentialAction":[{"@type":"ReadAction","target":["https:\/\/gergelyfabian.com\/termek\/beyond-the-window-painting\/"]}]},{"@type":"ImageObject","inLanguage":"hu","@id":"https:\/\/gergelyfabian.com\/termek\/beyond-the-window-painting\/#primaryimage","url":"https:\/\/gergelyfabian.com\/wp-content\/uploads\/2025\/09\/IMG_9224-scaled.jpg","contentUrl":"https:\/\/gergelyfabian.com\/wp-content\/uploads\/2025\/09\/IMG_9224-scaled.jpg","width":1911,"height":2560,"caption":"Beyond the Window"},{"@type":"BreadcrumbList","@id":"https:\/\/gergelyfabian.com\/termek\/beyond-the-window-painting\/#breadcrumb","itemListElement":[{"@type":"ListItem","position":1,"name":"Kezd\u0151lap","item":"https:\/\/gergelyfabian.com\/"},{"@type":"ListItem","position":2,"name":"Term\u00e9kek","item":"https:\/\/gergelyfabian.com\/shop\/"},{"@type":"ListItem","position":3,"name":"Beyond the Window"}]},{"@type":"WebSite","@id":"https:\/\/gergelyfabian.com\/#website","url":"https:\/\/gergelyfabian.com\/","name":"Gergely Fabian Art","description":"Own exclusive original paintings and limited fine art prints by UK-based artist Gergely Fabian. Collect unique artworks shipped worldwide","publisher":{"@id":"https:\/\/gergelyfabian.com\/#\/schema\/person\/b3f23cbbed6a50d7ebd858c027460bd9"},"potentialAction":[{"@type":"SearchAction","target":{"@type":"EntryPoint","urlTemplate":"https:\/\/gergelyfabian.com\/?s={search_term_string}"},"query-input":{"@type":"PropertyValueSpecification","valueRequired":true,"valueName":"search_term_string"}}],"inLanguage":"hu"},{"@type":["Person","Organization"],"@id":"https:\/\/gergelyfabian.com\/#\/schema\/person\/b3f23cbbed6a50d7ebd858c027460bd9","name":"Gergely F\u00e1bi\u00e1n","image":{"@type":"ImageObject","inLanguage":"hu","@id":"https:\/\/gergelyfabian.com\/#\/schema\/person\/image\/","url":"https:\/\/gergelyfabian.com\/wp-content\/uploads\/2025\/06\/gergely_fabian_logo_black-1.png","contentUrl":"https:\/\/gergelyfabian.com\/wp-content\/uploads\/2025\/06\/gergely_fabian_logo_black-1.png","width":399,"height":62,"caption":"Gergely F\u00e1bi\u00e1n"},"logo":{"@id":"https:\/\/gergelyfabian.com\/#\/schema\/person\/image\/"},"description":"A k\u00e9peim ilyen \u00e1llapotb\u00f3l sz\u00fcletnek \u2013 nem c\u00e9lb\u00f3l, hanem jelenl\u00e9tb\u0151l. \u00c9s ha n\u00e9z\u00e9s\u00fck k\u00f6zben te is meg\u00e9rzed ezt a k\u00f6nnyeds\u00e9get, akkor m\u00e1r megt\u00f6rt\u00e9nt, aminek t\u00f6rt\u00e9nnie kellett.","sameAs":["https:\/\/gergelyfabian.com","https:\/\/www.facebook.com\/gergely.fabian.79"]}]}},"jetpack_sharing_enabled":true,"_links":{"self":[{"href":"https:\/\/gergelyfabian.com\/hu\/wp-json\/wp\/v2\/product\/965","targetHints":{"allow":["GET"]}}],"collection":[{"href":"https:\/\/gergelyfabian.com\/hu\/wp-json\/wp\/v2\/product"}],"about":[{"href":"https:\/\/gergelyfabian.com\/hu\/wp-json\/wp\/v2\/types\/product"}],"version-history":[{"count":12,"href":"https:\/\/gergelyfabian.com\/hu\/wp-json\/wp\/v2\/product\/965\/revisions"}],"predecessor-version":[{"id":1311,"href":"https:\/\/gergelyfabian.com\/hu\/wp-json\/wp\/v2\/product\/965\/revisions\/1311"}],"wp:featuredmedia":[{"embeddable":true,"href":"https:\/\/gergelyfabian.com\/hu\/wp-json\/wp\/v2\/media\/964"}],"wp:attachment":[{"href":"https:\/\/gergelyfabian.com\/hu\/wp-json\/wp\/v2\/media?parent=965"}],"wp:term":[{"taxonomy":"product_brand","embeddable":true,"href":"https:\/\/gergelyfabian.com\/hu\/wp-json\/wp\/v2\/product_brand?post=965"},{"taxonomy":"product_cat","embeddable":true,"href":"https:\/\/gergelyfabian.com\/hu\/wp-json\/wp\/v2\/product_cat?post=965"},{"taxonomy":"product_tag","embeddable":true,"href":"https:\/\/gergelyfabian.com\/hu\/wp-json\/wp\/v2\/product_tag?post=965"}],"curies":[{"name":"wp","href":"https:\/\/api.w.org\/{rel}","templated":true}]}}